{"id":35,"date":"2023-09-26T13:45:24","date_gmt":"2023-09-26T13:45:24","guid":{"rendered":"https:\/\/3.8.190.38.nip.io\/es\/?page_id=35"},"modified":"2025-09-15T01:20:15","modified_gmt":"2025-09-14T23:20:15","slug":"works","status":"publish","type":"page","link":"https:\/\/dool.agency\/es\/works\/","title":{"rendered":"Trabajos"},"content":{"rendered":"<div class=\"et_pb_section_0 et_pb_section et_section_regular et_block_section\">\n<div class=\"et_pb_row_0 et_pb_row et_block_row\">\n<div class=\"et_pb_column_0 et_pb_column et_pb_column_4_4 et-last-child et_block_column et_pb_css_mix_blend_mode_passthrough\">\n<div class=\"et_pb_text_0 et_pb_text et_pb_bg_layout_dark et_animated et_pb_module et_flex_module\"><div class=\"et_pb_text_inner\"><h2>Descubre Nuestro Lienzo de Creatividad. Cada Proyecto un Testamento de la Inquebrantable Excelencia de Dool.<\/h2>\n<\/div><\/div>\n<\/div>\n<\/div>\n<\/div>\n\n<div class=\"et_pb_section_1 et_pb_section et_section_regular et_block_section\">\n<div class=\"et_pb_row_1 et_pb_row et_block_row\">\n<div class=\"et_pb_column_1 et_pb_column et_pb_column_2_5 et_block_column et_pb_css_mix_blend_mode_passthrough\">\n<div class=\"et_pb_text_1 et_pb_text et_pb_bg_layout_light et_animated et_pb_module et_flex_module\"><div class=\"et_pb_text_inner\"><h1>Trabajos<\/h1>\n<\/div><\/div>\n<\/div>\n\n<div class=\"et_pb_column_2 et_pb_column et_pb_column_3_5 et-last-child et_block_column et_pb_css_mix_blend_mode_passthrough\">\n<div class=\"et_pb_text_2 et_pb_text et_pb_bg_layout_light et_animated et_pb_module et_flex_module\"><div class=\"et_pb_text_inner\"><p>Un vistazo de nuestras creaciones donde cada proyecto refleja una sinfon\u00eda de artesan\u00eda, innovaci\u00f3n y precisi\u00f3n.<\/p>\n<\/div><\/div>\n<\/div>\n<\/div>\n<\/div>\n\n<div class=\"et_pb_section_2 et_pb_section et_section_regular et_block_section\">\n<div class=\"et_pb_row_2 et_pb_row et_block_row\">\n<div class=\"et_pb_column_3 et_pb_column et_pb_column_4_4 et-last-child et_block_column et_pb_css_mix_blend_mode_passthrough\">\n<div class=\"et_pb_filterable_portfolio_0 et_pb_filterable_portfolio et_pb_bg_layout_light et_pb_portfolio et_pb_module\" data-posts-number=\"8\"><div class=\"et_pb_portfolio_filters clearfix\"><ul class=\"clearfix\"><li class=\"et_pb_portfolio_filter et_pb_portfolio_filter_all\"><a href=\"#\" class=\"active\" data-category-slug=\"all\">Todos<\/a><\/li><li class=\"et_pb_portfolio_filter\"><a href=\"#\" data-category-slug=\"e-commerce-el\">E-Commerce<\/a><\/li><li class=\"et_pb_portfolio_filter\"><a href=\"#\" data-category-slug=\"logo-el\">Logo<\/a><\/li><li class=\"et_pb_portfolio_filter\"><a href=\"#\" data-category-slug=\"moodle-es\">Moodle<\/a><\/li><li class=\"et_pb_portfolio_filter\"><a href=\"#\" data-category-slug=\"site-el\">Site<\/a><\/li><li class=\"et_pb_portfolio_filter\"><a href=\"#\" data-category-slug=\"web-design-el\">Web Design<\/a><\/li><li class=\"et_pb_portfolio_filter\"><a href=\"#\" data-category-slug=\"web-development-el\">Web Development<\/a><\/li><\/ul><\/div><div class=\"et_pb_portfolio_items_wrapper clearfix\"><div class=\"et_pb_portfolio_items et_pb_posts et_flex_module\"><div class=\"et_pb_filterable_portfolio_item_0_0 post-4934 project type-project status-publish has-post-thumbnail hentry project_category-e-commerce-el project_category-logo-el project_category-site-el project_category-web-design-el project_category-web-development-el et_pb_portfolio_item project_category_e-commerce-el project_category_logo-el project_category_site-el project_category_web-design-el project_category_web-development-el\" id=\"4934\"><a href=\"https:\/\/dool.agency\/es\/project\/halkie-fashion\/\" title=\"Halkie Fashion\"><span class=\"et_portfolio_image \"><img loading=\"lazy\" decoding=\"async\" src=\"https:\/\/dool.agency\/es\/wp-content\/uploads\/sites\/2\/2021\/04\/HALKIE-01.png\" alt=\"Halkie Fashion\" width=\"1080\" height=\"9999\" srcset=\"https:\/\/dool.agency\/es\/wp-content\/uploads\/sites\/2\/2021\/04\/HALKIE-01.png 1080w, https:\/\/dool.agency\/es\/wp-content\/uploads\/sites\/2\/2021\/04\/HALKIE-01-980x980.png 980w, https:\/\/dool.agency\/es\/wp-content\/uploads\/sites\/2\/2021\/04\/HALKIE-01-480x480.png 480w\" sizes=\"(min-width: 0px) and (max-width: 480px) 480px, (min-width: 481px) and (max-width: 980px) 980px, (min-width: 981px) 1080px, 100vw\" \/><\/span><\/a><h2 class=\"et_pb_module_header\"><a href=\"https:\/\/dool.agency\/es\/project\/halkie-fashion\/\" title=\"Halkie Fashion\">Halkie Fashion<\/a><\/h2><p class=\"post-meta\"><a href=\"https:\/\/dool.agency\/es\/project_category\/e-commerce-el\/\" rel=\"tag\">E-Commerce<\/a>, <a href=\"https:\/\/dool.agency\/es\/project_category\/logo-el\/\" rel=\"tag\">Logo<\/a>, <a href=\"https:\/\/dool.agency\/es\/project_category\/site-el\/\" rel=\"tag\">Site<\/a>, <a href=\"https:\/\/dool.agency\/es\/project_category\/web-design-el\/\" rel=\"tag\">Web Design<\/a>, <a href=\"https:\/\/dool.agency\/es\/project_category\/web-development-el\/\" rel=\"tag\">Web Development<\/a><\/p><\/div><div class=\"et_pb_filterable_portfolio_item_0_1 post-4898 project type-project status-publish has-post-thumbnail hentry project_category-e-commerce-el project_category-site-el project_category-web-design-el project_category-web-development-el et_pb_portfolio_item project_category_e-commerce-el project_category_site-el project_category_web-design-el project_category_web-development-el\" id=\"4898\"><a href=\"https:\/\/dool.agency\/es\/project\/codigo-oculto\/\" title=\"Codigo Oculto\"><span class=\"et_portfolio_image \"><img loading=\"lazy\" decoding=\"async\" src=\"https:\/\/dool.agency\/es\/wp-content\/uploads\/sites\/2\/2021\/04\/CO-01.png\" alt=\"Codigo Oculto\" width=\"1080\" height=\"9999\" srcset=\"https:\/\/dool.agency\/es\/wp-content\/uploads\/sites\/2\/2021\/04\/CO-01.png 1080w, https:\/\/dool.agency\/es\/wp-content\/uploads\/sites\/2\/2021\/04\/CO-01-980x980.png 980w, https:\/\/dool.agency\/es\/wp-content\/uploads\/sites\/2\/2021\/04\/CO-01-480x480.png 480w\" sizes=\"(min-width: 0px) and (max-width: 480px) 480px, (min-width: 481px) and (max-width: 980px) 980px, (min-width: 981px) 1080px, 100vw\" \/><\/span><\/a><h2 class=\"et_pb_module_header\"><a href=\"https:\/\/dool.agency\/es\/project\/codigo-oculto\/\" title=\"Codigo Oculto\">Codigo Oculto<\/a><\/h2><p class=\"post-meta\"><a href=\"https:\/\/dool.agency\/es\/project_category\/e-commerce-el\/\" rel=\"tag\">E-Commerce<\/a>, <a href=\"https:\/\/dool.agency\/es\/project_category\/site-el\/\" rel=\"tag\">Site<\/a>, <a href=\"https:\/\/dool.agency\/es\/project_category\/web-design-el\/\" rel=\"tag\">Web Design<\/a>, <a href=\"https:\/\/dool.agency\/es\/project_category\/web-development-el\/\" rel=\"tag\">Web Development<\/a><\/p><\/div><div class=\"et_pb_filterable_portfolio_item_0_2 post-1861 project type-project status-publish has-post-thumbnail hentry project_category-web-design-el project_category-web-development-el et_pb_portfolio_item project_category_web-design-el project_category_web-development-el\" id=\"1861\"><a href=\"https:\/\/dool.agency\/es\/project\/indestructible-shoes\/\" title=\"Indestructible shoes\"><span class=\"et_portfolio_image \"><img loading=\"lazy\" decoding=\"async\" src=\"https:\/\/dool.agency\/es\/wp-content\/uploads\/sites\/2\/2020\/09\/IS-1.png\" alt=\"Indestructible shoes\" width=\"1080\" height=\"9999\" srcset=\"https:\/\/dool.agency\/es\/wp-content\/uploads\/sites\/2\/2020\/09\/IS-1.png 1080w, https:\/\/dool.agency\/es\/wp-content\/uploads\/sites\/2\/2020\/09\/IS-1-980x980.png 980w, https:\/\/dool.agency\/es\/wp-content\/uploads\/sites\/2\/2020\/09\/IS-1-480x480.png 480w\" sizes=\"(min-width: 0px) and (max-width: 480px) 480px, (min-width: 481px) and (max-width: 980px) 980px, (min-width: 981px) 1080px, 100vw\" \/><\/span><\/a><h2 class=\"et_pb_module_header\"><a href=\"https:\/\/dool.agency\/es\/project\/indestructible-shoes\/\" title=\"Indestructible shoes\">Indestructible shoes<\/a><\/h2><p class=\"post-meta\"><a href=\"https:\/\/dool.agency\/es\/project_category\/web-design-el\/\" rel=\"tag\">Web Design<\/a>, <a href=\"https:\/\/dool.agency\/es\/project_category\/web-development-el\/\" rel=\"tag\">Web Development<\/a><\/p><\/div><div class=\"et_pb_filterable_portfolio_item_0_3 post-1845 project type-project status-publish has-post-thumbnail hentry project_category-web-design-el project_category-web-development-el et_pb_portfolio_item project_category_web-design-el project_category_web-development-el\" id=\"1845\"><a href=\"https:\/\/dool.agency\/es\/project\/online-language-classes\/\" title=\"Online language classes (Greek)\"><span class=\"et_portfolio_image \"><img loading=\"lazy\" decoding=\"async\" src=\"https:\/\/dool.agency\/es\/wp-content\/uploads\/sites\/2\/2020\/09\/IE-1.png\" alt=\"Online language classes (Greek)\" width=\"1080\" height=\"9999\" srcset=\"https:\/\/dool.agency\/es\/wp-content\/uploads\/sites\/2\/2020\/09\/IE-1.png 1080w, https:\/\/dool.agency\/es\/wp-content\/uploads\/sites\/2\/2020\/09\/IE-1-980x980.png 980w, https:\/\/dool.agency\/es\/wp-content\/uploads\/sites\/2\/2020\/09\/IE-1-480x480.png 480w\" sizes=\"(min-width: 0px) and (max-width: 480px) 480px, (min-width: 481px) and (max-width: 980px) 980px, (min-width: 981px) 1080px, 100vw\" \/><\/span><\/a><h2 class=\"et_pb_module_header\"><a href=\"https:\/\/dool.agency\/es\/project\/online-language-classes\/\" title=\"Online language classes (Greek)\">Online language classes (Greek)<\/a><\/h2><p class=\"post-meta\"><a href=\"https:\/\/dool.agency\/es\/project_category\/web-design-el\/\" rel=\"tag\">Web Design<\/a>, <a href=\"https:\/\/dool.agency\/es\/project_category\/web-development-el\/\" rel=\"tag\">Web Development<\/a><\/p><\/div><div class=\"et_pb_filterable_portfolio_item_0_4 post-689 project type-project status-publish has-post-thumbnail hentry project_category-web-design-el project_category-web-development-el et_pb_portfolio_item project_category_web-design-el project_category_web-development-el\" id=\"689\"><a href=\"https:\/\/dool.agency\/es\/project\/ufo-spain-magazine\/\" title=\"UFO SPAIN MAGAZINE\"><span class=\"et_portfolio_image \"><img loading=\"lazy\" decoding=\"async\" src=\"https:\/\/dool.agency\/es\/wp-content\/uploads\/sites\/2\/2020\/08\/UFO-1.png\" alt=\"UFO SPAIN MAGAZINE\" width=\"1080\" height=\"9999\" srcset=\"https:\/\/dool.agency\/es\/wp-content\/uploads\/sites\/2\/2020\/08\/UFO-1.png 1080w, https:\/\/dool.agency\/es\/wp-content\/uploads\/sites\/2\/2020\/08\/UFO-1-980x980.png 980w, https:\/\/dool.agency\/es\/wp-content\/uploads\/sites\/2\/2020\/08\/UFO-1-480x480.png 480w\" sizes=\"(min-width: 0px) and (max-width: 480px) 480px, (min-width: 481px) and (max-width: 980px) 980px, (min-width: 981px) 1080px, 100vw\" \/><\/span><\/a><h2 class=\"et_pb_module_header\"><a href=\"https:\/\/dool.agency\/es\/project\/ufo-spain-magazine\/\" title=\"UFO SPAIN MAGAZINE\">UFO SPAIN MAGAZINE<\/a><\/h2><p class=\"post-meta\"><a href=\"https:\/\/dool.agency\/es\/project_category\/web-design-el\/\" rel=\"tag\">Web Design<\/a>, <a href=\"https:\/\/dool.agency\/es\/project_category\/web-development-el\/\" rel=\"tag\">Web Development<\/a><\/p><\/div><div class=\"et_pb_filterable_portfolio_item_0_5 post-693 project type-project status-publish has-post-thumbnail hentry project_category-web-design-el project_category-web-development-el et_pb_portfolio_item project_category_web-design-el project_category_web-development-el\" id=\"693\"><a href=\"https:\/\/dool.agency\/es\/project\/us-tax-consultants\/\" title=\"US Tax Consultants\"><span class=\"et_portfolio_image \"><img loading=\"lazy\" decoding=\"async\" src=\"https:\/\/dool.agency\/es\/wp-content\/uploads\/sites\/2\/2020\/06\/UST-1.png\" alt=\"US Tax Consultants\" width=\"1080\" height=\"9999\" srcset=\"https:\/\/dool.agency\/es\/wp-content\/uploads\/sites\/2\/2020\/06\/UST-1.png 1080w, https:\/\/dool.agency\/es\/wp-content\/uploads\/sites\/2\/2020\/06\/UST-1-980x980.png 980w, https:\/\/dool.agency\/es\/wp-content\/uploads\/sites\/2\/2020\/06\/UST-1-480x480.png 480w\" sizes=\"(min-width: 0px) and (max-width: 480px) 480px, (min-width: 481px) and (max-width: 980px) 980px, (min-width: 981px) 1080px, 100vw\" \/><\/span><\/a><h2 class=\"et_pb_module_header\"><a href=\"https:\/\/dool.agency\/es\/project\/us-tax-consultants\/\" title=\"US Tax Consultants\">US Tax Consultants<\/a><\/h2><p class=\"post-meta\"><a href=\"https:\/\/dool.agency\/es\/project_category\/web-design-el\/\" rel=\"tag\">Web Design<\/a>, <a href=\"https:\/\/dool.agency\/es\/project_category\/web-development-el\/\" rel=\"tag\">Web Development<\/a><\/p><\/div><div class=\"et_pb_filterable_portfolio_item_0_6 post-737 project type-project status-publish has-post-thumbnail hentry project_category-logo-el project_category-web-design-el project_category-web-development-el et_pb_portfolio_item project_category_logo-el project_category_web-design-el project_category_web-development-el\" id=\"737\"><a href=\"https:\/\/dool.agency\/es\/project\/icondominio-s-a-website\/\" title=\"iCondominio S.A. Website\"><span class=\"et_portfolio_image \"><img loading=\"lazy\" decoding=\"async\" src=\"https:\/\/dool.agency\/es\/wp-content\/uploads\/sites\/2\/2020\/06\/icondominio-01.png\" alt=\"iCondominio S.A. Website\" width=\"1080\" height=\"9999\" srcset=\"https:\/\/dool.agency\/es\/wp-content\/uploads\/sites\/2\/2020\/06\/icondominio-01.png 1080w, https:\/\/dool.agency\/es\/wp-content\/uploads\/sites\/2\/2020\/06\/icondominio-01-980x980.png 980w, https:\/\/dool.agency\/es\/wp-content\/uploads\/sites\/2\/2020\/06\/icondominio-01-480x480.png 480w\" sizes=\"(min-width: 0px) and (max-width: 480px) 480px, (min-width: 481px) and (max-width: 980px) 980px, (min-width: 981px) 1080px, 100vw\" \/><\/span><\/a><h2 class=\"et_pb_module_header\"><a href=\"https:\/\/dool.agency\/es\/project\/icondominio-s-a-website\/\" title=\"iCondominio S.A. Website\">iCondominio S.A. Website<\/a><\/h2><p class=\"post-meta\"><a href=\"https:\/\/dool.agency\/es\/project_category\/logo-el\/\" rel=\"tag\">Logo<\/a>, <a href=\"https:\/\/dool.agency\/es\/project_category\/web-design-el\/\" rel=\"tag\">Web Design<\/a>, <a href=\"https:\/\/dool.agency\/es\/project_category\/web-development-el\/\" rel=\"tag\">Web Development<\/a><\/p><\/div><div class=\"et_pb_filterable_portfolio_item_0_7 post-691 project type-project status-publish has-post-thumbnail hentry project_category-logo-el project_category-web-design-el project_category-web-development-el et_pb_portfolio_item project_category_logo-el project_category_web-design-el project_category_web-development-el\" id=\"691\"><a href=\"https:\/\/dool.agency\/es\/project\/lmc-business\/\" title=\"LMC Business\"><span class=\"et_portfolio_image \"><img loading=\"lazy\" decoding=\"async\" src=\"https:\/\/dool.agency\/es\/wp-content\/uploads\/sites\/2\/2020\/06\/LMC-1.png\" alt=\"LMC Business\" width=\"1080\" height=\"9999\" srcset=\"https:\/\/dool.agency\/es\/wp-content\/uploads\/sites\/2\/2020\/06\/LMC-1.png 1080w, https:\/\/dool.agency\/es\/wp-content\/uploads\/sites\/2\/2020\/06\/LMC-1-980x980.png 980w, https:\/\/dool.agency\/es\/wp-content\/uploads\/sites\/2\/2020\/06\/LMC-1-480x480.png 480w\" sizes=\"(min-width: 0px) and (max-width: 480px) 480px, (min-width: 481px) and (max-width: 980px) 980px, (min-width: 981px) 1080px, 100vw\" \/><\/span><\/a><h2 class=\"et_pb_module_header\"><a href=\"https:\/\/dool.agency\/es\/project\/lmc-business\/\" title=\"LMC Business\">LMC Business<\/a><\/h2><p class=\"post-meta\"><a href=\"https:\/\/dool.agency\/es\/project_category\/logo-el\/\" rel=\"tag\">Logo<\/a>, <a href=\"https:\/\/dool.agency\/es\/project_category\/web-design-el\/\" rel=\"tag\">Web Design<\/a>, <a href=\"https:\/\/dool.agency\/es\/project_category\/web-development-el\/\" rel=\"tag\">Web Development<\/a><\/p><\/div><div class=\"et_pb_filterable_portfolio_item_0_8 post-679 project type-project status-publish has-post-thumbnail hentry project_category-web-design-el project_category-web-development-el et_pb_portfolio_item project_category_web-design-el project_category_web-development-el\" id=\"679\"><a href=\"https:\/\/dool.agency\/es\/project\/marta-rodriguez-design\/\" title=\"Marta Rodriguez Design\"><span class=\"et_portfolio_image \"><img loading=\"lazy\" decoding=\"async\" src=\"https:\/\/dool.agency\/es\/wp-content\/uploads\/sites\/2\/2020\/05\/MR-1-1080x1080.png\" alt=\"Marta Rodriguez Design\" width=\"1080\" height=\"9999\" srcset=\"https:\/\/dool.agency\/es\/wp-content\/uploads\/sites\/2\/2020\/05\/MR-1-980x980.png 980w, https:\/\/dool.agency\/es\/wp-content\/uploads\/sites\/2\/2020\/05\/MR-1-480x480.png 480w\" sizes=\"(min-width: 0px) and (max-width: 480px) 480px, (min-width: 481px) and (max-width: 980px) 980px, (min-width: 981px) 1080px, 100vw\" \/><\/span><\/a><h2 class=\"et_pb_module_header\"><a href=\"https:\/\/dool.agency\/es\/project\/marta-rodriguez-design\/\" title=\"Marta Rodriguez Design\">Marta Rodriguez Design<\/a><\/h2><p class=\"post-meta\"><a href=\"https:\/\/dool.agency\/es\/project_category\/web-design-el\/\" rel=\"tag\">Web Design<\/a>, <a href=\"https:\/\/dool.agency\/es\/project_category\/web-development-el\/\" rel=\"tag\">Web Development<\/a><\/p><\/div><div class=\"et_pb_filterable_portfolio_item_0_9 post-387 project type-project status-publish has-post-thumbnail hentry project_category-web-design-el project_category-web-development-el et_pb_portfolio_item project_category_web-design-el project_category_web-development-el\" id=\"387\"><a href=\"https:\/\/dool.agency\/es\/project\/greciatour-website\/\" title=\"GreciaTour Website\"><span class=\"et_portfolio_image \"><img loading=\"lazy\" decoding=\"async\" src=\"https:\/\/dool.agency\/es\/wp-content\/uploads\/sites\/2\/2020\/05\/GT-1.png\" alt=\"GreciaTour Website\" width=\"1080\" height=\"9999\" srcset=\"https:\/\/dool.agency\/es\/wp-content\/uploads\/sites\/2\/2020\/05\/GT-1.png 1080w, https:\/\/dool.agency\/es\/wp-content\/uploads\/sites\/2\/2020\/05\/GT-1-980x980.png 980w, https:\/\/dool.agency\/es\/wp-content\/uploads\/sites\/2\/2020\/05\/GT-1-480x480.png 480w\" sizes=\"(min-width: 0px) and (max-width: 480px) 480px, (min-width: 481px) and (max-width: 980px) 980px, (min-width: 981px) 1080px, 100vw\" \/><\/span><\/a><h2 class=\"et_pb_module_header\"><a href=\"https:\/\/dool.agency\/es\/project\/greciatour-website\/\" title=\"GreciaTour Website\">GreciaTour Website<\/a><\/h2><p class=\"post-meta\"><a href=\"https:\/\/dool.agency\/es\/project_category\/web-design-el\/\" rel=\"tag\">Web Design<\/a>, <a href=\"https:\/\/dool.agency\/es\/project_category\/web-development-el\/\" rel=\"tag\">Web Development<\/a><\/p><\/div><div class=\"et_pb_filterable_portfolio_item_0_10 post-375 project type-project status-publish has-post-thumbnail hentry project_category-logo-el project_category-moodle-es project_category-web-design-el project_category-web-development-el et_pb_portfolio_item project_category_logo-el project_category_moodle-es project_category_web-design-el project_category_web-development-el\" id=\"375\"><a href=\"https:\/\/dool.agency\/es\/project\/aec-website\/\" title=\"AEC Website\"><span class=\"et_portfolio_image \"><img loading=\"lazy\" decoding=\"async\" src=\"https:\/\/dool.agency\/es\/wp-content\/uploads\/sites\/2\/2020\/05\/aec-01.png\" alt=\"AEC Website\" width=\"1080\" height=\"9999\" srcset=\"https:\/\/dool.agency\/es\/wp-content\/uploads\/sites\/2\/2020\/05\/aec-01.png 1080w, https:\/\/dool.agency\/es\/wp-content\/uploads\/sites\/2\/2020\/05\/aec-01-980x980.png 980w, https:\/\/dool.agency\/es\/wp-content\/uploads\/sites\/2\/2020\/05\/aec-01-480x480.png 480w\" sizes=\"(min-width: 0px) and (max-width: 480px) 480px, (min-width: 481px) and (max-width: 980px) 980px, (min-width: 981px) 1080px, 100vw\" \/><\/span><\/a><h2 class=\"et_pb_module_header\"><a href=\"https:\/\/dool.agency\/es\/project\/aec-website\/\" title=\"AEC Website\">AEC Website<\/a><\/h2><p class=\"post-meta\"><a href=\"https:\/\/dool.agency\/es\/project_category\/logo-el\/\" rel=\"tag\">Logo<\/a>, <a href=\"https:\/\/dool.agency\/es\/project_category\/moodle-es\/\" rel=\"tag\">Moodle<\/a>, <a href=\"https:\/\/dool.agency\/es\/project_category\/web-design-el\/\" rel=\"tag\">Web Design<\/a>, <a href=\"https:\/\/dool.agency\/es\/project_category\/web-development-el\/\" rel=\"tag\">Web Development<\/a><\/p><\/div><div class=\"et_pb_filterable_portfolio_item_0_11 post-308 project type-project status-publish has-post-thumbnail hentry project_category-web-design-el project_category-web-development-el et_pb_portfolio_item project_category_web-design-el project_category_web-development-el\" id=\"308\"><a href=\"https:\/\/dool.agency\/es\/project\/agustin-lleida\/\" title=\"Agustin Lleida\"><span class=\"et_portfolio_image \"><img loading=\"lazy\" decoding=\"async\" src=\"https:\/\/dool.agency\/es\/wp-content\/uploads\/sites\/2\/2020\/05\/AG-1-1080x1080.png\" alt=\"Agustin Lleida\" width=\"1080\" height=\"9999\" srcset=\"https:\/\/dool.agency\/es\/wp-content\/uploads\/sites\/2\/2020\/05\/AG-1-980x980.png 980w, https:\/\/dool.agency\/es\/wp-content\/uploads\/sites\/2\/2020\/05\/AG-1-480x480.png 480w\" sizes=\"(min-width: 0px) and (max-width: 480px) 480px, (min-width: 481px) and (max-width: 980px) 980px, (min-width: 981px) 1080px, 100vw\" \/><\/span><\/a><h2 class=\"et_pb_module_header\"><a href=\"https:\/\/dool.agency\/es\/project\/agustin-lleida\/\" title=\"Agustin Lleida\">Agustin Lleida<\/a><\/h2><p class=\"post-meta\"><a href=\"https:\/\/dool.agency\/es\/project_category\/web-design-el\/\" rel=\"tag\">Web Design<\/a>, <a href=\"https:\/\/dool.agency\/es\/project_category\/web-development-el\/\" rel=\"tag\">Web Development<\/a><\/p><\/div><\/div><\/div><div class=\"et_pb_portofolio_pagination clearfix\"><\/div><\/div>\n<\/div>\n<\/div>\n<\/div>","protected":false},"excerpt":{"rendered":"","protected":false},"author":1,"featured_media":0,"parent":0,"menu_order":0,"comment_status":"closed","ping_status":"closed","template":"","meta":{"_acf_changed":false,"footnotes":""},"class_list":["post-35","page","type-page","status-publish","hentry"],"acf":[],"_links":{"self":[{"href":"https:\/\/dool.agency\/es\/wp-json\/wp\/v2\/pages\/35","targetHints":{"allow":["GET"]}}],"collection":[{"href":"https:\/\/dool.agency\/es\/wp-json\/wp\/v2\/pages"}],"about":[{"href":"https:\/\/dool.agency\/es\/wp-json\/wp\/v2\/types\/page"}],"author":[{"embeddable":true,"href":"https:\/\/dool.agency\/es\/wp-json\/wp\/v2\/users\/1"}],"replies":[{"embeddable":true,"href":"https:\/\/dool.agency\/es\/wp-json\/wp\/v2\/comments?post=35"}],"version-history":[{"count":3,"href":"https:\/\/dool.agency\/es\/wp-json\/wp\/v2\/pages\/35\/revisions"}],"predecessor-version":[{"id":13205,"href":"https:\/\/dool.agency\/es\/wp-json\/wp\/v2\/pages\/35\/revisions\/13205"}],"wp:attachment":[{"href":"https:\/\/dool.agency\/es\/wp-json\/wp\/v2\/media?parent=35"}],"curies":[{"name":"wp","href":"https:\/\/api.w.org\/{rel}","templated":true}]}}