{"id":21,"date":"2023-09-26T13:44:05","date_gmt":"2023-09-26T13:44:05","guid":{"rendered":"https:\/\/3.8.190.38.nip.io\/es\/?page_id=21"},"modified":"2025-09-07T18:13:41","modified_gmt":"2025-09-07T16:13:41","slug":"obten-una-propuesta","status":"publish","type":"page","link":"https:\/\/dool.agency\/es\/obten-una-propuesta\/","title":{"rendered":"Obt\u00e9n una propuesta"},"content":{"rendered":"<div class=\"et_pb_section_0 et_pb_section et_section_regular et_block_section\"><div class=\"et_pb_row_0 et_pb_row et_block_row\"><div class=\"et_pb_column_0 et_pb_column et_pb_column_4_4 et-last-child et_block_column et_pb_css_mix_blend_mode_passthrough\"><div class=\"et_pb_text_0 et_pb_text et_pb_bg_layout_light et_pb_module et_flex_module\"><div class=\"et_pb_text_inner\"><h1>Obt\u00e9n una propuesta<\/h1>\n<\/div><\/div><\/div><\/div><\/div><div class=\"et_pb_section_1 et_pb_section et_section_regular et_block_section\"><div class=\"et_pb_row_1 et_pb_row et_block_row\"><div class=\"et_pb_column_1 et_pb_column et_pb_column_4_4 et-last-child et_block_column et_pb_css_mix_blend_mode_passthrough\"><div class=\"et_pb_text_1 et_pb_text et_pb_bg_layout_light et_pb_module et_flex_module\"><div class=\"et_pb_text_inner\"><p>Por favor, completa el formulario para verificar lo que necesita tu proyecto y enviarte una propuesta.<\/p>\n<\/div><\/div><div class=\"et_pb_code_0 et_pb_code et_pb_module\"><div class=\"et_pb_code_inner\"><iframe loading=\"lazy\" width=\"100%\" height=\"850\" src=\"https:\/\/d1.dool.agency\/forms\/wtl\/061a4fc87859b21ecce44e1920c92dca\" frameborder=\"0\" sandbox=\"allow-top-navigation allow-forms allow-scripts allow-same-origin allow-popups\" allowfullscreen><\/iframe><\/div><\/div><div class=\"et_pb_text_2 et_pb_text et_pb_bg_layout_light et_pb_module et_flex_module\"><div class=\"et_pb_text_inner\"><p>Estamos comprometidos con tu privacidad. Dool Creative Agency Ltd utiliza la informaci\u00f3n que nos proporcionas para ponernos en contacto contigo sobre nuestro contenido, productos y servicios relevantes. Puedes darte de baja de estas comunicaciones en cualquier momento. Para obtener m\u00e1s informaci\u00f3n, consulta nuestra Pol\u00edtica de Privacidad.<\/p>\n<\/div><\/div><\/div><\/div><\/div>","protected":false},"excerpt":{"rendered":"","protected":false},"author":1,"featured_media":0,"parent":0,"menu_order":0,"comment_status":"closed","ping_status":"closed","template":"","meta":{"_acf_changed":false,"_et_pb_use_builder":"on","_et_pb_old_content":"<!-- wp:divi\/placeholder \/-->","_et_gb_content_width":"","footnotes":""},"class_list":["post-21","page","type-page","status-publish","hentry"],"acf":[],"_links":{"self":[{"href":"https:\/\/dool.agency\/es\/wp-json\/wp\/v2\/pages\/21","targetHints":{"allow":["GET"]}}],"collection":[{"href":"https:\/\/dool.agency\/es\/wp-json\/wp\/v2\/pages"}],"about":[{"href":"https:\/\/dool.agency\/es\/wp-json\/wp\/v2\/types\/page"}],"author":[{"embeddable":true,"href":"https:\/\/dool.agency\/es\/wp-json\/wp\/v2\/users\/1"}],"replies":[{"embeddable":true,"href":"https:\/\/dool.agency\/es\/wp-json\/wp\/v2\/comments?post=21"}],"version-history":[{"count":3,"href":"https:\/\/dool.agency\/es\/wp-json\/wp\/v2\/pages\/21\/revisions"}],"predecessor-version":[{"id":13086,"href":"https:\/\/dool.agency\/es\/wp-json\/wp\/v2\/pages\/21\/revisions\/13086"}],"wp:attachment":[{"href":"https:\/\/dool.agency\/es\/wp-json\/wp\/v2\/media?parent=21"}],"curies":[{"name":"wp","href":"https:\/\/api.w.org\/{rel}","templated":true}]}}