{"id":13216,"date":"2025-11-23T00:15:49","date_gmt":"2025-11-22T23:15:49","guid":{"rendered":"https:\/\/dool.agency\/es\/?page_id=13216"},"modified":"2025-11-23T00:16:17","modified_gmt":"2025-11-22T23:16:17","slug":"estrategia-ia-gratis","status":"publish","type":"page","link":"https:\/\/dool.agency\/es\/estrategia-ia-gratis\/","title":{"rendered":"Estrategia IA Gratis"},"content":{"rendered":"<div class=\"et_pb_section_0 et_pb_section et_section_regular et_block_section\">\n<div class=\"et_pb_row_0 et_pb_row et_block_row\">\n<div class=\"et_pb_column_0 et_pb_column et_pb_column_4_4 et-last-child et_block_column et_pb_css_mix_blend_mode_passthrough\">\n<div class=\"et_pb_text_0 et_pb_text et_pb_bg_layout_dark et_pb_module et_flex_module\"><div class=\"et_pb_text_inner\"><h2>Tu visi\u00f3n, nuestra experiencia. Ponte en contacto para convertir tus ideas en realidad.<\/h2>\n<\/div><\/div>\n<\/div>\n<\/div>\n<\/div>\n\n<div class=\"et_pb_section_1 et_pb_section et_section_regular et_block_section\">\n<div class=\"et_pb_row_1 et_pb_row et_block_row\">\n<div class=\"et_pb_column_1 et_pb_column et_pb_column_2_5 et_block_column et_pb_css_mix_blend_mode_passthrough\">\n<div class=\"et_pb_text_1 et_pb_text et_pb_bg_layout_light et_pb_module et_flex_module\"><div class=\"et_pb_text_inner\"><h1><span>Tu Estrategia de IA Gratis<\/span><\/h1>\n<p><span>Deja de adivinar por qu\u00e9 pierdes clientes. Recibe un an\u00e1lisis completo de la Velocidad, SEO y oportunidades ocultas de Automatizaci\u00f3n para tu web en tu correo en minutos.<\/span><\/p>\n<\/div><\/div>\n<\/div>\n\n<div class=\"et_pb_column_2 et_pb_column et_pb_column_3_5 et-last-child et_block_column et_pb_css_mix_blend_mode_passthrough\">\n<div class=\"et_pb_code_0 et_pb_code et_pb_module\"><div class=\"et_pb_code_inner\">[forminator_form id=\"13215\"]<\/div><\/div>\n<\/div>\n<\/div>\n<\/div>","protected":false},"excerpt":{"rendered":"","protected":false},"author":5,"featured_media":0,"parent":0,"menu_order":0,"comment_status":"closed","ping_status":"closed","template":"","meta":{"_acf_changed":false,"footnotes":""},"class_list":["post-13216","page","type-page","status-publish","hentry"],"acf":[],"_links":{"self":[{"href":"https:\/\/dool.agency\/es\/wp-json\/wp\/v2\/pages\/13216","targetHints":{"allow":["GET"]}}],"collection":[{"href":"https:\/\/dool.agency\/es\/wp-json\/wp\/v2\/pages"}],"about":[{"href":"https:\/\/dool.agency\/es\/wp-json\/wp\/v2\/types\/page"}],"author":[{"embeddable":true,"href":"https:\/\/dool.agency\/es\/wp-json\/wp\/v2\/users\/5"}],"replies":[{"embeddable":true,"href":"https:\/\/dool.agency\/es\/wp-json\/wp\/v2\/comments?post=13216"}],"version-history":[{"count":3,"href":"https:\/\/dool.agency\/es\/wp-json\/wp\/v2\/pages\/13216\/revisions"}],"predecessor-version":[{"id":13219,"href":"https:\/\/dool.agency\/es\/wp-json\/wp\/v2\/pages\/13216\/revisions\/13219"}],"wp:attachment":[{"href":"https:\/\/dool.agency\/es\/wp-json\/wp\/v2\/media?parent=13216"}],"curies":[{"name":"wp","href":"https:\/\/api.w.org\/{rel}","templated":true}]}}