{"id":11296,"date":"2023-09-26T21:14:13","date_gmt":"2023-09-26T21:14:13","guid":{"rendered":"https:\/\/3.8.190.38.nip.io\/cl\/?page_id=11296"},"modified":"2025-09-07T13:18:52","modified_gmt":"2025-09-07T16:18:52","slug":"servicios","status":"publish","type":"page","link":"https:\/\/dool.agency\/cl\/servicios\/","title":{"rendered":"Servicios"},"content":{"rendered":"<div class=\"et_pb_section_0 et_pb_section et_section_regular et_block_section\"><div class=\"et_pb_row_0 et_pb_row et_block_row\"><div class=\"et_pb_column_0 et_pb_column et_pb_column_4_4 et-last-child et_block_column et_pb_css_mix_blend_mode_passthrough\"><div class=\"et_pb_text_0 et_pb_text et_pb_bg_layout_dark et_animated et_pb_module et_flex_module\"><div class=\"et_pb_text_inner\"><h1>Descubre nuestro espectro de servicios de Marketing Digital, dise\u00f1ados para catapultar tu marca hacia el futuro digital.<\/h1>\n<\/div><\/div><\/div><\/div><\/div><div class=\"et_pb_section_1 et_pb_section et_section_regular et_block_section\"><div class=\"et_pb_row_1 et_pb_row et_pb_equal_columns et_block_row\"><div class=\"et_pb_column_1 et_pb_column et_pb_column_2_5 et_block_column et_pb_css_mix_blend_mode_passthrough\"><div class=\"et_pb_text_1 et_pb_text et_pb_bg_layout_light et_animated et_pb_module et_flex_module\"><div class=\"et_pb_text_inner\"><h2>UI\/UX<\/h2>\n<\/div><\/div><\/div><div class=\"et_pb_column_2 et_pb_column et_pb_column_3_5 et-last-child et_block_column et_pb_css_mix_blend_mode_passthrough\"><div class=\"et_pb_text_2 et_pb_text et_pb_bg_layout_light et_animated et_pb_module et_flex_module\"><div class=\"et_pb_text_inner\"><p>Nuestro experimentado equipo dise\u00f1a experiencias UI\/UX intuitivas y de alto rendimiento, que van m\u00e1s all\u00e1 de la est\u00e9tica. Combinamos neuromarketing, psicolog\u00eda del consumidor y an\u00e1lisis avanzado de usuarios con IA para crear plataformas que no solo sean visualmente atractivas, sino que tambi\u00e9n est\u00e9n dise\u00f1adas para influir en el comportamiento y mejorar la interacci\u00f3n.<\/p>\n<\/div><\/div><\/div><\/div><div class=\"et_pb_row_2 et_pb_row et_block_row\"><div class=\"et_pb_column_3 et_pb_column et_pb_column_1_3 et_block_column et_pb_css_mix_blend_mode_passthrough\"><div class=\"et_pb_text_3 et_pb_text et_pb_bg_layout_light et_pb_module et_flex_module\"><div class=\"et_pb_text_inner\"><p>Dise\u00f1o de Experiencia de Usuario (UX)<\/p>\n<p>Dise\u00f1o de Interfaz de Usuario (UI)<\/p>\n<\/div><\/div><\/div><div class=\"et_pb_column_4 et_pb_column et_pb_column_1_3 et_block_column et_pb_css_mix_blend_mode_passthrough\"><div class=\"et_pb_text_4 et_pb_text et_pb_bg_layout_light et_pb_module et_flex_module\"><div class=\"et_pb_text_inner\"><p>Soluciones de Comercio Electr\u00f3nico<\/p>\n<p>Desarrollo de Aplicaciones M\u00f3viles<\/p>\n<\/div><\/div><\/div><div class=\"et_pb_column_5 et_pb_column et_pb_column_1_3 et-last-child et_block_column et_pb_css_mix_blend_mode_passthrough\"><div class=\"et_pb_text_5 et_pb_text et_pb_bg_layout_light et_pb_module et_flex_module\"><div class=\"et_pb_text_inner\"><p><span>Desarrollo y Dise\u00f1o Web<\/span><\/p>\n<\/div><\/div><\/div><\/div><div class=\"et_pb_row_3 et_pb_row et_pb_equal_columns et_block_row\"><div class=\"et_pb_column_6 et_pb_column et_pb_column_2_5 et_block_column et_pb_css_mix_blend_mode_passthrough\"><div class=\"et_pb_image_0 et_pb_image et_animated et_pb_module et_flex_module\"><span class=\"et_pb_image_wrap\"><img loading=\"lazy\" decoding=\"async\" src=\"https:\/\/dool.agency\/cl\/wp-content\/uploads\/sites\/3\/2023\/09\/web.png\" title=\"web\" width=\"1011\" height=\"1011\" srcset=\"https:\/\/dool.agency\/cl\/wp-content\/uploads\/sites\/3\/2023\/09\/web.png 1011w, https:\/\/dool.agency\/cl\/wp-content\/uploads\/sites\/3\/2023\/09\/web-980x980.png 980w, https:\/\/dool.agency\/cl\/wp-content\/uploads\/sites\/3\/2023\/09\/web-480x480.png 480w\" sizes=\"(min-width: 0px) and (max-width: 480px) 480px, (min-width: 481px) and (max-width: 980px) 980px, (min-width: 981px) 1011px, 100vw\" class=\"wp-image-11409\" \/><\/span><\/div><\/div><div class=\"et_pb_column_7 et_pb_column et_pb_column_3_5 et-last-child et_block_column et_pb_css_mix_blend_mode_passthrough btn-inline\"><div class=\"et_pb_text_6 et_pb_text et_pb_bg_layout_light et_animated et_pb_module et_flex_module\"><div class=\"et_pb_text_inner\"><h2>Dise\u00f1o UI\/UX &amp; Desarrollo Web<\/h2>\n<p>Dise\u00f1amos experiencias digitales que atraen, persuaden y convierten. En Dool, integramos neuromarketing, psicolog\u00eda del consumidor y ciencia del comportamiento para desarrollar plataformas que no solo luzcan bien, sino que generen resultados. A trav\u00e9s de principios de UX cognitivo, an\u00e1lisis predictivo y modelado del comportamiento del usuario, creamos interfaces que anticipan patrones de decisi\u00f3n, reducen fricci\u00f3n y aumentan el engagement. Desde e-shops fluidos hasta CRMs intuitivos, cada detalle est\u00e1 optimizado para influir en la conducta del usuario y maximizar conversiones.<\/p>\n<\/div><\/div><div class=\"et_pb_module et_pb_button_module_wrapper et_pb_button_0_wrapper\"><a class=\"et_pb_button_0 et_pb_button et_pb_bg_layout_light et_animated et_pb_module et_flex_module\" href=\"https:\/\/dool.agency\/cl\/cita\/\">Reservar cita<\/a><\/div><div class=\"et_pb_module et_pb_button_module_wrapper et_pb_button_1_wrapper\"><a class=\"et_pb_button_1 et_pb_button et_pb_bg_layout_light et_animated et_pb_module et_flex_module\" href=\"https:\/\/dool.agency\/cl\/contacto\/\">Cont\u00e1ctanos<\/a><\/div><\/div><\/div><div class=\"et_pb_row_4 et_pb_row et_pb_equal_columns et_block_row\"><div class=\"et_pb_column_8 et_pb_column et_pb_column_2_5 et_block_column et_pb_css_mix_blend_mode_passthrough\"><div class=\"et_pb_image_1 et_pb_image et_animated et_pb_module et_flex_module\"><span class=\"et_pb_image_wrap\"><img loading=\"lazy\" decoding=\"async\" src=\"https:\/\/dool.agency\/cl\/wp-content\/uploads\/sites\/3\/2023\/09\/doolcare.png\" title=\"doolcare\" width=\"957\" height=\"957\" srcset=\"https:\/\/dool.agency\/cl\/wp-content\/uploads\/sites\/3\/2023\/09\/doolcare.png 957w, https:\/\/dool.agency\/cl\/wp-content\/uploads\/sites\/3\/2023\/09\/doolcare-480x480.png 480w\" sizes=\"(min-width: 0px) and (max-width: 480px) 480px, (min-width: 481px) 957px, 100vw\" class=\"wp-image-95\" \/><\/span><\/div><\/div><div class=\"et_pb_column_9 et_pb_column et_pb_column_3_5 et-last-child et_block_column et_pb_css_mix_blend_mode_passthrough btn-inline\"><div class=\"et_pb_text_7 et_pb_text et_pb_bg_layout_light et_animated et_pb_module et_flex_module\"><div class=\"et_pb_text_inner\"><h2>Dool Care<\/h2>\n<p>Consiguiendo el m\u00e1ximo rendimiento de tu web con optimizaci\u00f3n impulsada por IA. M\u00e1s all\u00e1 del mantenimiento, utilizamos IA predictiva y diagn\u00f3sticos automatizados para detectar problemas antes de que ocurran, asegurando que tu sitio sea siempre r\u00e1pido, seguro y eficiente. Con monitoreo en tiempo real, actualizaciones inteligentes y mejoras proactivas, optimizamos cada aspecto de tu web para ofrecer una experiencia impecable a tus visitantes. No se trata solo de mantener tu sitio activo, sino de llevar su potencial al siguiente nivel con tecnolog\u00eda de vanguardia.<\/p>\n<\/div><\/div><div class=\"et_pb_text_8 et_pb_text et_pb_bg_layout_light et_animated et_pb_module et_flex_module\"><div class=\"et_pb_text_inner\"><p>Desde $350.000 CLP \/a\u00f1o<\/p>\n<\/div><\/div><div class=\"et_pb_module et_pb_button_module_wrapper et_pb_button_2_wrapper\"><a class=\"et_pb_button_2 et_pb_button et_pb_bg_layout_light et_animated et_pb_module et_flex_module\" href=\"https:\/\/dool.agency\/cl\/servicios\/dool-care\/\">Elige un plan<\/a><\/div><div class=\"et_pb_module et_pb_button_module_wrapper et_pb_button_3_wrapper\"><a class=\"et_pb_button_3 et_pb_button et_pb_bg_layout_light et_animated et_pb_module et_flex_module\" href=\"https:\/\/dool.agency\/cl\/servicios\/dool-care\/\">Saber m\u00e1s<\/a><\/div><\/div><\/div><\/div><div class=\"et_pb_section_2 et_pb_section et_section_regular et_block_section\"><div class=\"et_pb_row_5 et_pb_row et_block_row\"><div class=\"et_pb_column_10 et_pb_column et_pb_column_4_4 et-last-child et_block_column et_pb_css_mix_blend_mode_passthrough\"><div class=\"et_pb_text_9 et_pb_text et_pb_bg_layout_light et_pb_module et_flex_module\"><div class=\"et_pb_text_inner\"><h2>Cada detalle importa.<\/h2>\n<\/div><\/div><\/div><\/div><\/div><div class=\"et_pb_section_3 et_pb_section et_section_regular et_block_section\"><div class=\"et_pb_row_6 et_pb_row et_pb_equal_columns et_block_row\"><div class=\"et_pb_column_11 et_pb_column et_pb_column_3_5 et_block_column et_pb_css_mix_blend_mode_passthrough btn-inline\"><div class=\"et_pb_text_10 et_pb_text et_pb_bg_layout_light et_animated et_pb_module et_flex_module\"><div class=\"et_pb_text_inner\"><h2>Marketing Digital<\/h2>\n<\/div><\/div><div class=\"et_pb_text_11 et_pb_text et_pb_bg_layout_light et_animated et_pb_module et_flex_module\"><div class=\"et_pb_text_inner\"><p>Transformamos el marketing digital con estrategias potenciadas por IA. Nuestro enfoque se basa en investigaci\u00f3n profunda, utilizando an\u00e1lisis predictivo, segmentaci\u00f3n avanzada de audiencias y pruebas A\/B en tiempo real para maximizar el rendimiento y el ROI. A trav\u00e9s de decisiones basadas en datos, dise\u00f1amos campa\u00f1as de alta precisi\u00f3n que se adaptan din\u00e1micamente, garantizando que cada inversi\u00f3n genere un impacto medible. Desde redes sociales hasta publicidad digital, optimizamos cada punto de contacto para potenciar la interacci\u00f3n, la conversi\u00f3n y el crecimiento sostenido de tu marca.<\/p>\n<\/div><\/div><\/div><div class=\"et_pb_column_12 et_pb_column et_pb_column_2_5 et-last-child et_block_column et_pb_column_empty et_pb_css_mix_blend_mode_passthrough\"><\/div><\/div><div class=\"et_pb_row_7 et_pb_row et_pb_equal_columns et_block_row\"><div class=\"et_pb_column_13 et_pb_column et_pb_column_3_5 et_block_column et_pb_css_mix_blend_mode_passthrough btn-inline\"><div class=\"et_pb_text_12 et_pb_text et_pb_bg_layout_light et_animated et_pb_module et_flex_module\"><div class=\"et_pb_text_inner\"><p>Transformamos el marketing digital con estrategias potenciadas por IA. Nuestro enfoque se basa en investigaci\u00f3n profunda, utilizando an\u00e1lisis predictivo, segmentaci\u00f3n avanzada de audiencias y pruebas A\/B en tiempo real para maximizar el rendimiento y el ROI. A trav\u00e9s de decisiones basadas en datos, dise\u00f1amos campa\u00f1as de alta precisi\u00f3n que se adaptan din\u00e1micamente, garantizando que cada inversi\u00f3n genere un impacto medible. Desde redes sociales hasta publicidad digital, optimizamos cada punto de contacto para potenciar la interacci\u00f3n, la conversi\u00f3n y el crecimiento sostenido de tu marca.<\/p>\n<\/div><\/div><\/div><div class=\"et_pb_column_14 et_pb_column et_pb_column_2_5 et-last-child et_block_column et_pb_css_mix_blend_mode_passthrough\"><div class=\"et_pb_text_13 et_pb_text et_pb_bg_layout_light et_animated et_pb_module et_flex_module\"><div class=\"et_pb_text_inner\"><h2>Marketing Digital<\/h2>\n<\/div><\/div><\/div><\/div><div class=\"et_pb_row_8 et_pb_row et_pb_equal_columns et_block_row\"><div class=\"et_pb_column_15 et_pb_column et_pb_column_2_5 et_block_column et_pb_css_mix_blend_mode_passthrough\"><div class=\"et_pb_image_2 et_pb_image et_pb_module et_flex_module\"><span class=\"et_pb_image_wrap\"><img loading=\"lazy\" decoding=\"async\" src=\"https:\/\/dool.agency\/cl\/wp-content\/uploads\/sites\/3\/2023\/09\/megaphone3.png\" title=\"megaphone3\" width=\"729\" height=\"729\" srcset=\"https:\/\/dool.agency\/cl\/wp-content\/uploads\/sites\/3\/2023\/09\/megaphone3.png 729w, https:\/\/dool.agency\/cl\/wp-content\/uploads\/sites\/3\/2023\/09\/megaphone3-480x480.png 480w\" sizes=\"(min-width: 0px) and (max-width: 480px) 480px, (min-width: 481px) 729px, 100vw\" class=\"wp-image-96\" \/><\/span><\/div><\/div><div class=\"et_pb_column_16 et_pb_column et_pb_column_3_5 et-last-child et_block_column et_pb_css_mix_blend_mode_passthrough btn-inline\"><div class=\"et_pb_text_14 et_pb_text et_pb_bg_layout_light et_pb_module et_flex_module\"><div class=\"et_pb_text_inner\"><h2>Social Media<\/h2>\n<p>Lleva tu impacto al m\u00e1ximo con estrategias de redes sociales potenciadas por IA. Cada campa\u00f1a comienza con una investigaci\u00f3n detallada, analizando el comportamiento de la audiencia, tendencias del mercado y datos competitivospara dise\u00f1ar un plan estrat\u00e9gico basado en datos. Con IA aplicada a an\u00e1lisis predictivo y optimizaci\u00f3n de contenidos, aseguramos que tu marca se mantenga siempre un paso adelante con contenido estrat\u00e9gico y de alto rendimiento. Desde segmentaci\u00f3n precisa de audiencias hasta colaboraciones con influencers y planificaci\u00f3n adaptativa, creamos estrategias de social media que generan engagement real y resultados medibles.<\/p>\n<\/div><\/div><div class=\"et_pb_text_15 et_pb_text et_pb_bg_layout_light et_pb_module et_flex_module\"><div class=\"et_pb_text_inner\"><p>Desde $360.000 CLP \/mes<\/p>\n<\/div><\/div><div class=\"et_pb_module et_pb_button_module_wrapper et_pb_button_4_wrapper\"><a class=\"et_pb_button_4 et_pb_button et_pb_bg_layout_light et_pb_module et_flex_module\" href=\"https:\/\/dool.agency\/cl\/servicios\/social-media\/\">Elige tu plan<\/a><\/div><div class=\"et_pb_module et_pb_button_module_wrapper et_pb_button_5_wrapper\"><a class=\"et_pb_button_5 et_pb_button et_pb_bg_layout_light et_pb_module et_flex_module\" href=\"https:\/\/dool.agency\/cl\/servicios\/social-media\/\">Saber m\u00e1s<\/a><\/div><\/div><\/div><div class=\"et_pb_row_9 et_pb_row et_pb_equal_columns et_block_row\"><div class=\"et_pb_column_17 et_pb_column et_pb_column_2_5 et_block_column et_pb_css_mix_blend_mode_passthrough\"><div class=\"et_pb_image_3 et_pb_image et_animated et_pb_module et_flex_module\"><span class=\"et_pb_image_wrap\"><img loading=\"lazy\" decoding=\"async\" src=\"https:\/\/dool.agency\/cl\/wp-content\/uploads\/sites\/3\/2023\/09\/seo.png\" title=\"seo\" width=\"957\" height=\"957\" srcset=\"https:\/\/dool.agency\/cl\/wp-content\/uploads\/sites\/3\/2023\/09\/seo.png 957w, https:\/\/dool.agency\/cl\/wp-content\/uploads\/sites\/3\/2023\/09\/seo-480x480.png 480w\" sizes=\"(min-width: 0px) and (max-width: 480px) 480px, (min-width: 481px) 957px, 100vw\" class=\"wp-image-97\" \/><\/span><\/div><\/div><div class=\"et_pb_column_18 et_pb_column et_pb_column_3_5 et-last-child et_block_column et_pb_css_mix_blend_mode_passthrough btn-inline\"><div class=\"et_pb_text_16 et_pb_text et_pb_bg_layout_light et_animated et_pb_module et_flex_module\"><div class=\"et_pb_text_inner\"><h2>Ultra SEO Marketing<\/h2>\n<p>Aumenta tu visibilidad en buscadores con el SEO Marketing de Dool. Creamos contenido que no solo posiciona, sino que tambi\u00e9n conecta con tu audiencia, utilizando an\u00e1lisis de palabras clave impulsado por IA y optimizaci\u00f3n del rendimiento. Nuestro equipo desarrolla blogs dise\u00f1ados para alinearse con los algoritmos de b\u00fasqueda, manteniendo al mismo tiempo una narrativa atractiva que atrae y convierte. Con herramientas de IA avanzadas y an\u00e1lisis de datos en tiempo real, refinamos continuamente nuestras estrategias para asegurar que tu marca se mantenga en la cima de los resultados de b\u00fasqueda.<\/p>\n<\/div><\/div><div class=\"et_pb_text_17 et_pb_text et_pb_bg_layout_light et_animated et_pb_module et_flex_module\"><div class=\"et_pb_text_inner\"><p>Desde $250.000 CLP \/mes<\/p>\n<\/div><\/div><div class=\"et_pb_module et_pb_button_module_wrapper et_pb_button_6_wrapper\"><a class=\"et_pb_button_6 et_pb_button et_pb_bg_layout_light et_animated et_pb_module et_flex_module\" href=\"https:\/\/dool.agency\/cl\/servicios\/ultra-seo\/\">Elige tu plan<\/a><\/div><div class=\"et_pb_module et_pb_button_module_wrapper et_pb_button_7_wrapper\"><a class=\"et_pb_button_7 et_pb_button et_pb_bg_layout_light et_animated et_pb_module et_flex_module\" href=\"https:\/\/dool.agency\/cl\/servicios\/ultra-seo\/\">Saber m\u00e1s<\/a><\/div><\/div><\/div><div class=\"et_pb_row_10 et_pb_row et_pb_equal_columns et_block_row\"><div class=\"et_pb_column_19 et_pb_column et_pb_column_2_5 et_block_column et_pb_css_mix_blend_mode_passthrough\"><div class=\"et_pb_image_4 et_pb_image et_animated et_pb_module et_flex_module\"><span class=\"et_pb_image_wrap\"><img loading=\"lazy\" decoding=\"async\" src=\"https:\/\/dool.agency\/cl\/wp-content\/uploads\/sites\/3\/2023\/09\/onlineads.png\" title=\"onlineads\" width=\"1013\" height=\"1013\" srcset=\"https:\/\/dool.agency\/cl\/wp-content\/uploads\/sites\/3\/2023\/09\/onlineads.png 1013w, https:\/\/dool.agency\/cl\/wp-content\/uploads\/sites\/3\/2023\/09\/onlineads-980x980.png 980w, https:\/\/dool.agency\/cl\/wp-content\/uploads\/sites\/3\/2023\/09\/onlineads-480x480.png 480w\" sizes=\"(min-width: 0px) and (max-width: 480px) 480px, (min-width: 481px) and (max-width: 980px) 980px, (min-width: 981px) 1013px, 100vw\" class=\"wp-image-98\" \/><\/span><\/div><\/div><div class=\"et_pb_column_20 et_pb_column et_pb_column_3_5 et-last-child et_block_column et_pb_css_mix_blend_mode_passthrough btn-inline\"><div class=\"et_pb_text_18 et_pb_text et_pb_bg_layout_light et_animated et_pb_module et_flex_module\"><div class=\"et_pb_text_inner\"><h2>Publicidad Online<\/h2>\n<p>Aprovecha todo el potencial de Google y Meta Ads con Dool. Nuestro equipo dise\u00f1a estrategias publicitarias de alto impacto, combinando segmentaci\u00f3n de audiencias con IA, pruebas A\/B en tiempo real y principios de psicolog\u00eda del consumidor para mejorar el engagement y la conversi\u00f3n. Cada campa\u00f1a se dise\u00f1a utilizando datos de comportamiento y an\u00e1lisis de rendimiento, asegurando que los anuncios lleguen a la audiencia correcta en el momento exacto. Con un enfoque estrat\u00e9gico en patrones de decisi\u00f3n y optimizaci\u00f3n continua, refinamos cada campa\u00f1a para maximizar el ROI. Conf\u00eda en la experiencia de Dool para no solo aumentar la visibilidad de tu marca, sino tambi\u00e9n atraer clientes altamente cualificados con precisi\u00f3n.<\/p>\n<\/div><\/div><div class=\"et_pb_text_19 et_pb_text et_pb_bg_layout_light et_animated et_pb_module et_flex_module\"><div class=\"et_pb_text_inner\"><p>Desde $170.000 CLP \/mes<\/p>\n<\/div><\/div><div class=\"et_pb_module et_pb_button_module_wrapper et_pb_button_8_wrapper\"><a class=\"et_pb_button_8 et_pb_button et_pb_bg_layout_light et_animated et_pb_module et_flex_module\" href=\"https:\/\/dool.agency\/cl\/cita\/\">Agendar Cita<\/a><\/div><div class=\"et_pb_module et_pb_button_module_wrapper et_pb_button_9_wrapper\"><a class=\"et_pb_button_9 et_pb_button et_pb_bg_layout_light et_animated et_pb_module et_flex_module\" href=\"https:\/\/dool.agency\/cl\/contacto\/\">Cont\u00e1ctanos<\/a><\/div><\/div><\/div><\/div><div class=\"et_pb_section_4 et_pb_section et_section_regular et_block_section\"><div class=\"et_pb_row_11 et_pb_row et_pb_row_1-2_1-4_1-4 et_block_row et_block_row_1-2_1-4_1-4\"><div class=\"et_pb_column_21 et_pb_column et_pb_column_1_2 et_block_column et_pb_css_mix_blend_mode_passthrough\"><div class=\"et_pb_text_20 et_pb_text et_pb_bg_layout_light et_animated et_pb_module et_flex_module\"><div class=\"et_pb_text_inner\"><h2>Qu\u00e9 hacemos<\/h2>\n<\/div><\/div><\/div><div class=\"et_pb_column_22 et_pb_column et_pb_column_1_4 et_block_column et_pb_css_mix_blend_mode_passthrough\"><div class=\"et_pb_text_21 et_pb_text et_pb_bg_layout_light et_animated et_pb_module et_flex_module\"><div class=\"et_pb_text_inner\"><p>Estrategia y Identidad de Marca<\/p>\n<p>Dise\u00f1o de Experiencia del Usuario (UX)<\/p>\n<p>Dise\u00f1o de Interfaz de Usuario (UI)<\/p>\n<p>Estrategia de Contenido y Redacci\u00f3n<\/p>\n<p>Campa\u00f1as de SEO y SEM<\/p>\n<p>Estrategia de Redes Sociales<\/p>\n<p>Gesti\u00f3n de Redes Sociales<\/p>\n<p>Soluciones de Comercio Electr\u00f3nico (E-Commerce)<\/p>\n<p>Desarrollo de Aplicaciones M\u00f3viles<\/p>\n<\/div><\/div><\/div><div class=\"et_pb_column_23 et_pb_column et_pb_column_1_4 et-last-child et_block_column et_pb_css_mix_blend_mode_passthrough\"><div class=\"et_pb_text_22 et_pb_text et_pb_bg_layout_light et_animated et_pb_module et_flex_module\"><div class=\"et_pb_text_inner\"><p>Desarrollo y Dise\u00f1o Web<\/p>\n<p>Producci\u00f3n y Edici\u00f3n de Videos<\/p>\n<p>Anal\u00edtica e Informaci\u00f3n de Datos<\/p>\n<p>Campa\u00f1as de Marketing por Correo Electr\u00f3nico<\/p>\n<p>Publicidad de Pago por Clic (PPC)<\/p>\n<p>Soluciones de Inteligencia Artificial (AI)<\/p>\n<p>Gesti\u00f3n de Crisis<\/p>\n<p>Asociaci\u00f3n de Etiqueta Blanca<\/p>\n<p>Socio de Crecimiento<\/p>\n<\/div><\/div><\/div><\/div><\/div>","protected":false},"excerpt":{"rendered":"","protected":false},"author":1,"featured_media":11463,"parent":0,"menu_order":0,"comment_status":"closed","ping_status":"closed","template":"","meta":{"_acf_changed":false,"footnotes":""},"class_list":["post-11296","page","type-page","status-publish","has-post-thumbnail","hentry"],"acf":[],"_links":{"self":[{"href":"https:\/\/dool.agency\/cl\/wp-json\/wp\/v2\/pages\/11296","targetHints":{"allow":["GET"]}}],"collection":[{"href":"https:\/\/dool.agency\/cl\/wp-json\/wp\/v2\/pages"}],"about":[{"href":"https:\/\/dool.agency\/cl\/wp-json\/wp\/v2\/types\/page"}],"author":[{"embeddable":true,"href":"https:\/\/dool.agency\/cl\/wp-json\/wp\/v2\/users\/1"}],"replies":[{"embeddable":true,"href":"https:\/\/dool.agency\/cl\/wp-json\/wp\/v2\/comments?post=11296"}],"version-history":[{"count":0,"href":"https:\/\/dool.agency\/cl\/wp-json\/wp\/v2\/pages\/11296\/revisions"}],"wp:featuredmedia":[{"embeddable":true,"href":"https:\/\/dool.agency\/cl\/wp-json\/wp\/v2\/media\/11463"}],"wp:attachment":[{"href":"https:\/\/dool.agency\/cl\/wp-json\/wp\/v2\/media?parent=11296"}],"curies":[{"name":"wp","href":"https:\/\/api.w.org\/{rel}","templated":true}]}}