{"id":11292,"date":"2023-09-26T21:13:48","date_gmt":"2023-09-26T21:13:48","guid":{"rendered":"https:\/\/3.8.190.38.nip.io\/cl\/?page_id=11292"},"modified":"2025-09-07T13:18:52","modified_gmt":"2025-09-07T16:18:52","slug":"obten-una-cotizacion","status":"publish","type":"page","link":"https:\/\/dool.agency\/cl\/obten-una-cotizacion\/","title":{"rendered":"Obt\u00e9n una cotizaci\u00f3n"},"content":{"rendered":"<div class=\"et_pb_section_0 et_pb_section et_section_regular et_block_section\"><div class=\"et_pb_row_0 et_pb_row et_block_row\"><div class=\"et_pb_column_0 et_pb_column et_pb_column_4_4 et-last-child et_block_column et_pb_css_mix_blend_mode_passthrough\"><div class=\"et_pb_text_0 et_pb_text et_pb_bg_layout_light et_pb_module et_flex_module\"><div class=\"et_pb_text_inner\"><h1>Obt\u00e9n una propuesta<\/h1>\n<\/div><\/div><\/div><\/div><\/div><div class=\"et_pb_section_1 et_pb_section et_section_regular et_block_section\"><div class=\"et_pb_row_1 et_pb_row et_block_row et_animated\"><div class=\"et_pb_column_1 et_pb_column et_pb_column_4_4 et-last-child et_block_column et_pb_css_mix_blend_mode_passthrough\"><div class=\"et_pb_text_1 et_pb_text et_pb_bg_layout_light et_pb_module et_flex_module\"><div class=\"et_pb_text_inner\"><p>Por favor, completa el formulario para verificar lo que necesita tu proyecto y enviarte una propuesta.<\/p>\n<\/div><\/div><div class=\"et_pb_contact_form_0 et_pb_contact_form_container et_pb_text_align_left clearfix et_pb_recaptcha_enabled et_pb_module et_flex_module\" data-form_unique_num=\"0\" data-form_unique_id=\"f07b5285-d26c-4d65-9be2-b2beeafc7773\" data-redirect_url=\"https:\/\/dool.agency\/cl\/obten-una-cotizacion\/gracias\/\" id=\"et_pb_contact_form_f07b5285-d26c-4d65-9be2-b2beeafc7773\"><div class=\"et-pb-contact-message\"><\/div><div class=\"et_pb_contact\"><form class=\"et_pb_contact_form et_flex_module\" method=\"post\" action=\"https:\/\/dool.agency\/cl\/wp-json\/wp\/v2\/pages\/11292\"><div class=\"et_pb_contact_field_0 et_pb_contact_field et_pb_module et_flex_module et_flex_column_24_24 et_flex_column_24_24_tablet et_flex_column_24_24_phone\" data-id=\"name\" data-type=\"input\"><label class=\"et_pb_contact_form_label\" for=\"et_pb_contact_0_name_0\">Nombre<\/label><input type=\"text\" name=\"et_pb_contact_0_name_0\" id=\"et_pb_contact_0_name_0\" class=\"input\" data-required_mark=\"required\" data-field_type=\"input\" data-original_id=\"name\" placeholder=\"Nombre\" title=\"\" value=\"\" \/><\/div><div class=\"et_pb_contact_field_1 et_pb_contact_field et_pb_module et_flex_module et_flex_column_24_24 et_flex_column_24_24_tablet et_flex_column_24_24_phone\" data-id=\"phone\" data-type=\"input\"><label class=\"et_pb_contact_form_label\" for=\"et_pb_contact_0_phone_1\">Tel\u00e9fono<\/label><input type=\"text\" name=\"et_pb_contact_0_phone_1\" id=\"et_pb_contact_0_phone_1\" class=\"input\" data-required_mark=\"not_required\" data-field_type=\"input\" data-original_id=\"phone\" placeholder=\"Tel\u00e9fono\" title=\"\" value=\"\" \/><\/div><div class=\"et_pb_contact_field_2 et_pb_contact_field et_pb_module et_flex_module et_flex_column_24_24 et_flex_column_24_24_tablet et_flex_column_24_24_phone\" data-id=\"email\" data-type=\"email\"><label class=\"et_pb_contact_form_label\" for=\"et_pb_contact_0_email_2\">Correo electr\u00f3nico<\/label><input type=\"text\" name=\"et_pb_contact_0_email_2\" id=\"et_pb_contact_0_email_2\" class=\"input\" data-required_mark=\"required\" data-field_type=\"email\" data-original_id=\"email\" placeholder=\"Correo electr\u00f3nico\" title=\"\" value=\"\" \/><\/div><div class=\"et_pb_contact_field_3 et_pb_contact_field et_pb_module et_flex_module et_flex_column_24_24 et_flex_column_24_24_tablet et_flex_column_24_24_phone\" data-id=\"message\" data-type=\"text\"><label class=\"et_pb_contact_form_label\" for=\"et_pb_contact_0_message_3\">Escr\u00edbenos sobre tu proyecto<\/label><textarea name=\"et_pb_contact_0_message_3\" id=\"et_pb_contact_0_message_3\" class=\"et_pb_contact_message input\" data-required_mark=\"required\" data-field_type=\"text\" data-original_id=\"message\" placeholder=\"Escr\u00edbenos sobre tu proyecto\"><\/textarea><\/div><div class=\"et_pb_contact_field_4 et_pb_contact_field et_pb_module et_flex_module et_flex_column_24_24 et_flex_column_24_24_tablet et_flex_column_24_24_phone\" data-id=\"new_or_rebrand\" data-type=\"radio\"><label class=\"et_pb_contact_form_label\">\u00bfEs un proyecto nuevo \u00f3 es un redise\u00f1o?<\/label><span class=\"et_pb_contact_field_options_wrapper\"><span class=\"et_pb_contact_field_options_title\">\u00bfEs un proyecto nuevo \u00f3 es un redise\u00f1o?<\/span><span class=\"et_pb_contact_field_options_list\"><span class=\"et_pb_contact_field_radio\"><input type=\"radio\" name=\"et_pb_contact_0_new_or_rebrand_4\" id=\"et_pb_contact_0_new_or_rebrand_4_0\" class=\"input\" value=\"Nuevo\" data-required_mark=\"required\" data-field_type=\"radio\" data-original_id=\"new_or_rebrand\" data-id=\"-1\" \/><label for=\"et_pb_contact_0_new_or_rebrand_4_0\"><i><\/i>Nuevo<\/label><\/span><span class=\"et_pb_contact_field_radio\"><input type=\"radio\" name=\"et_pb_contact_0_new_or_rebrand_4\" id=\"et_pb_contact_0_new_or_rebrand_4_1\" class=\"input\" value=\"Redise\u00f1o\" data-required_mark=\"required\" data-field_type=\"radio\" data-original_id=\"new_or_rebrand\" data-id=\"0\" \/><label for=\"et_pb_contact_0_new_or_rebrand_4_1\"><i><\/i>Redise\u00f1o<\/label><\/span><\/span><\/span><\/div><div class=\"et_pb_contact_field_5 et_pb_contact_field et_pb_module et_flex_module et_flex_column_24_24 et_flex_column_24_24_tablet et_flex_column_24_24_phone\" data-id=\"timeframe\" data-type=\"radio\"><label class=\"et_pb_contact_form_label\">\u00bfEn cu\u00e1nto tiempo lo quieres realizar?<\/label><span class=\"et_pb_contact_field_options_wrapper\"><span class=\"et_pb_contact_field_options_title\">\u00bfEn cu\u00e1nto tiempo lo quieres realizar?<\/span><span class=\"et_pb_contact_field_options_list\"><span class=\"et_pb_contact_field_radio\"><input type=\"radio\" name=\"et_pb_contact_0_timeframe_5\" id=\"et_pb_contact_0_timeframe_5_0\" class=\"input\" value=\"Dentro de 2 semanas (no recomendado)\" data-required_mark=\"required\" data-field_type=\"radio\" data-original_id=\"timeframe\" data-id=\"-1\" \/><label for=\"et_pb_contact_0_timeframe_5_0\"><i><\/i>Dentro de 2 semanas (no recomendado)<\/label><\/span><span class=\"et_pb_contact_field_radio\"><input type=\"radio\" name=\"et_pb_contact_0_timeframe_5\" id=\"et_pb_contact_0_timeframe_5_1\" class=\"input\" value=\"Dentro de 4 semanas\" data-required_mark=\"required\" data-field_type=\"radio\" data-original_id=\"timeframe\" data-id=\"0\" \/><label for=\"et_pb_contact_0_timeframe_5_1\"><i><\/i>Dentro de 4 semanas<\/label><\/span><span class=\"et_pb_contact_field_radio\"><input type=\"radio\" name=\"et_pb_contact_0_timeframe_5\" id=\"et_pb_contact_0_timeframe_5_2\" class=\"input\" value=\"Dentro de 6 semanas\" data-required_mark=\"required\" data-field_type=\"radio\" data-original_id=\"timeframe\" data-id=\"1\" \/><label for=\"et_pb_contact_0_timeframe_5_2\"><i><\/i>Dentro de 6 semanas<\/label><\/span><span class=\"et_pb_contact_field_radio\"><input type=\"radio\" name=\"et_pb_contact_0_timeframe_5\" id=\"et_pb_contact_0_timeframe_5_3\" class=\"input\" value=\"Dentro de 8 semanas\" data-required_mark=\"required\" data-field_type=\"radio\" data-original_id=\"timeframe\" data-id=\"2\" \/><label for=\"et_pb_contact_0_timeframe_5_3\"><i><\/i>Dentro de 8 semanas<\/label><\/span><span class=\"et_pb_contact_field_radio\"><input type=\"radio\" name=\"et_pb_contact_0_timeframe_5\" id=\"et_pb_contact_0_timeframe_5_4\" class=\"input\" value=\"No estoy seguro\" data-required_mark=\"required\" data-field_type=\"radio\" data-original_id=\"timeframe\" data-id=\"3\" \/><label for=\"et_pb_contact_0_timeframe_5_4\"><i><\/i>No estoy seguro<\/label><\/span><\/span><\/span><\/div><div class=\"et_pb_contact_field_6 et_pb_contact_field et_pb_module et_flex_module et_flex_column_24_24 et_flex_column_24_24_tablet et_flex_column_24_24_phone\" data-id=\"budget\" data-type=\"select\"><label class=\"et_pb_contact_form_label\" for=\"et_pb_contact_0_budget_6\">\u00bfCu\u00e1nto tienes planificado invertir?<\/label><select name=\"et_pb_contact_0_budget_6\" id=\"et_pb_contact_0_budget_6\" class=\"et_pb_contact_select input\" data-required_mark=\"required\" data-field_type=\"select\" data-original_id=\"budget\"><option value=\"\">\u00bfCu\u00e1nto tienes planificado invertir?<\/option><option value=\"$1.000.000 - $2.000.000\" data-id=\"\">$1.000.000 - $2.000.000<\/option><option value=\"$2.000.000 - $6.000.000\" data-id=\"\">$2.000.000 - $6.000.000<\/option><option value=\"$6.000.000 - $10.000.000\" data-id=\"\">$6.000.000 - $10.000.000<\/option><option value=\"Otro\" data-id=\"\">Otro<\/option><\/select><\/div><div class=\"et_pb_contact_field_7 et_pb_contact_field et_pb_module et_flex_module et_flex_column_24_24 et_flex_column_24_24_tablet et_flex_column_24_24_phone\" data-id=\"products_or_services\" data-type=\"text\"><label class=\"et_pb_contact_form_label\" for=\"et_pb_contact_0_products_or_services_7\">\u00bfQu\u00e9 productos \u00f3 servicios ofreces?<\/label><textarea name=\"et_pb_contact_0_products_or_services_7\" id=\"et_pb_contact_0_products_or_services_7\" class=\"et_pb_contact_message input\" data-required_mark=\"required\" data-field_type=\"text\" data-original_id=\"products_or_services\" placeholder=\"\u00bfQu\u00e9 productos \u00f3 servicios ofreces?\"><\/textarea><\/div><div class=\"et_pb_contact_field_8 et_pb_contact_field et_pb_module et_flex_module et_flex_column_24_24 et_flex_column_24_24_tablet et_flex_column_24_24_phone\" data-id=\"brand_awareness\" data-type=\"text\"><label class=\"et_pb_contact_form_label\" for=\"et_pb_contact_0_brand_awareness_8\">\u00bfC\u00f3mo llegas a tu p\u00fablico objetivo?<\/label><textarea name=\"et_pb_contact_0_brand_awareness_8\" id=\"et_pb_contact_0_brand_awareness_8\" class=\"et_pb_contact_message input\" data-required_mark=\"required\" data-field_type=\"text\" data-original_id=\"brand_awareness\" placeholder=\"\u00bfC\u00f3mo llegas a tu p\u00fablico objetivo?\"><\/textarea><\/div><div class=\"et_pb_contact_field_9 et_pb_contact_field et_pb_module et_flex_module et_flex_column_24_24 et_flex_column_24_24_tablet et_flex_column_24_24_phone\" data-id=\"target_demographicaly\" data-type=\"text\"><label class=\"et_pb_contact_form_label\" for=\"et_pb_contact_0_target_demographicaly_9\">\u00bfC\u00f3mo es tu p\u00fablico objetivo geogr\u00e1fica \u00f3 demogr\u00e1ficamente?<\/label><textarea name=\"et_pb_contact_0_target_demographicaly_9\" id=\"et_pb_contact_0_target_demographicaly_9\" class=\"et_pb_contact_message input\" data-required_mark=\"required\" data-field_type=\"text\" data-original_id=\"target_demographicaly\" placeholder=\"\u00bfC\u00f3mo es tu p\u00fablico objetivo geogr\u00e1fica \u00f3 demogr\u00e1ficamente?\"><\/textarea><\/div><div class=\"et_pb_contact_field_10 et_pb_contact_field et_pb_module et_flex_module et_flex_column_24_24 et_flex_column_24_24_tablet et_flex_column_24_24_phone\" data-id=\"how_to_contact\" data-type=\"radio\"><label class=\"et_pb_contact_form_label\">\u00bfC\u00f3mo deber\u00edamos contactar contigo?<\/label><span class=\"et_pb_contact_field_options_wrapper\"><span class=\"et_pb_contact_field_options_title\">\u00bfC\u00f3mo deber\u00edamos contactar contigo?<\/span><span class=\"et_pb_contact_field_options_list\"><span class=\"et_pb_contact_field_radio\"><input type=\"radio\" name=\"et_pb_contact_0_how_to_contact_10\" id=\"et_pb_contact_0_how_to_contact_10_0\" class=\"input\" value=\"E-Mail\" data-required_mark=\"required\" data-field_type=\"radio\" data-original_id=\"how_to_contact\" data-id=\"-1\" \/><label for=\"et_pb_contact_0_how_to_contact_10_0\"><i><\/i>E-Mail<\/label><\/span><span class=\"et_pb_contact_field_radio\"><input type=\"radio\" name=\"et_pb_contact_0_how_to_contact_10\" id=\"et_pb_contact_0_how_to_contact_10_1\" class=\"input\" value=\"Llamada telef\u00f3nica\" data-required_mark=\"required\" data-field_type=\"radio\" data-original_id=\"how_to_contact\" data-id=\"0\" \/><label for=\"et_pb_contact_0_how_to_contact_10_1\"><i><\/i>Llamada telef\u00f3nica<\/label><\/span><span class=\"et_pb_contact_field_radio\"><input type=\"radio\" name=\"et_pb_contact_0_how_to_contact_10\" id=\"et_pb_contact_0_how_to_contact_10_2\" class=\"input\" value=\"WhatsApp\" data-required_mark=\"required\" data-field_type=\"radio\" data-original_id=\"how_to_contact\" data-id=\"1\" \/><label for=\"et_pb_contact_0_how_to_contact_10_2\"><i><\/i>WhatsApp<\/label><\/span><span class=\"et_pb_contact_field_radio\"><input type=\"radio\" name=\"et_pb_contact_0_how_to_contact_10\" id=\"et_pb_contact_0_how_to_contact_10_3\" class=\"input\" value=\"Zoom\" data-required_mark=\"required\" data-field_type=\"radio\" data-original_id=\"how_to_contact\" data-id=\"2\" \/><label for=\"et_pb_contact_0_how_to_contact_10_3\"><i><\/i>Zoom<\/label><\/span><\/span><\/span><\/div><div class=\"et_pb_contact_field_11 et_pb_contact_field et_pb_module et_flex_module et_flex_column_24_24 et_flex_column_24_24_tablet et_flex_column_24_24_phone\" data-id=\"how_to_contact_whatsapp\" data-type=\"input\"><label class=\"et_pb_contact_form_label\" for=\"et_pb_contact_0_how_to_contact_whatsapp_11\">Por favor confirma tu n\u00famero de WhatsApp<\/label><input type=\"text\" name=\"et_pb_contact_0_how_to_contact_whatsapp_11\" id=\"et_pb_contact_0_how_to_contact_whatsapp_11\" class=\"input\" data-required_mark=\"required\" data-field_type=\"input\" data-original_id=\"how_to_contact_whatsapp\" placeholder=\"Por favor confirma tu n\u00famero de WhatsApp\" title=\"\" value=\"\" \/><\/div><div class=\"et_pb_contact_field_12 et_pb_contact_field et_pb_module et_flex_module et_flex_column_24_24 et_flex_column_24_24_tablet et_flex_column_24_24_phone\" data-id=\"privacy\" data-type=\"checkbox\"><label class=\"et_pb_contact_form_label\"> <\/label><input type=\"hidden\" name=\"et_pb_contact_0_privacy_12\" class=\"et_pb_checkbox_handle\" data-required_mark=\"required\" data-field_type=\"checkbox\" data-original_id=\"privacy\" \/><span class=\"et_pb_contact_field_options_wrapper\"><span class=\"et_pb_contact_field_options_title\"> <\/span><span class=\"et_pb_contact_field_options_list\"><span class=\"et_pb_contact_field_checkbox\"><input type=\"checkbox\" id=\"et_pb_contact_0_privacy_12_0\" class=\"input\" value=\"He le\u00eddo y acepto la \" data-required_mark=\"required\" data-field_type=\"checkbox\" data-original_id=\"privacy\" \/><label for=\"et_pb_contact_0_privacy_12_0\"><i><\/i>He le\u00eddo y acepto la <\/label><\/span><\/span><\/span><\/div><input type=\"hidden\" name=\"et_pb_contactform_submit_f07b5285-d26c-4d65-9be2-b2beeafc7773\" value=\"et_contact_proccess\" \/><div class=\"et_contact_bottom_container\"><div class=\"et_pb_button_wrapper\"><button type=\"submit\" name=\"et_builder_submit_button\" class=\"et_pb_button et_pb_contact_submit\">Submit<\/button><\/div><\/div><input type=\"hidden\" id=\"_wpnonce-et-pb-contact-form-submitted-f07b5285-d26c-4d65-9be2-b2beeafc7773\" name=\"_wpnonce-et-pb-contact-form-submitted-f07b5285-d26c-4d65-9be2-b2beeafc7773\" value=\"f04b5d8b1b\" \/><input type=\"hidden\" name=\"_wp_http_referer\" value=\"\/cl\/wp-json\/wp\/v2\/pages\/11292\" \/><\/form><\/div><\/div><div class=\"et_pb_text_2 et_pb_text et_pb_bg_layout_light et_pb_module et_flex_module\"><div class=\"et_pb_text_inner\"><p>Estamos comprometidos con tu privacidad. Dool Creative Agency SpA utiliza la informaci\u00f3n que nos proporcionas para ponernos en contacto contigo sobre nuestro contenido, productos y servicios relevantes. Puedes darte de baja de estas comunicaciones en cualquier momento. Para obtener m\u00e1s informaci\u00f3n, consulta nuestra Pol\u00edtica de Privacidad.<\/p>\n<\/div><\/div><\/div><\/div><\/div>","protected":false},"excerpt":{"rendered":"","protected":false},"author":1,"featured_media":11463,"parent":0,"menu_order":0,"comment_status":"closed","ping_status":"closed","template":"","meta":{"_acf_changed":false,"footnotes":""},"class_list":["post-11292","page","type-page","status-publish","has-post-thumbnail","hentry"],"acf":[],"_links":{"self":[{"href":"https:\/\/dool.agency\/cl\/wp-json\/wp\/v2\/pages\/11292","targetHints":{"allow":["GET"]}}],"collection":[{"href":"https:\/\/dool.agency\/cl\/wp-json\/wp\/v2\/pages"}],"about":[{"href":"https:\/\/dool.agency\/cl\/wp-json\/wp\/v2\/types\/page"}],"author":[{"embeddable":true,"href":"https:\/\/dool.agency\/cl\/wp-json\/wp\/v2\/users\/1"}],"replies":[{"embeddable":true,"href":"https:\/\/dool.agency\/cl\/wp-json\/wp\/v2\/comments?post=11292"}],"version-history":[{"count":0,"href":"https:\/\/dool.agency\/cl\/wp-json\/wp\/v2\/pages\/11292\/revisions"}],"wp:featuredmedia":[{"embeddable":true,"href":"https:\/\/dool.agency\/cl\/wp-json\/wp\/v2\/media\/11463"}],"wp:attachment":[{"href":"https:\/\/dool.agency\/cl\/wp-json\/wp\/v2\/media?parent=11292"}],"curies":[{"name":"wp","href":"https:\/\/api.w.org\/{rel}","templated":true}]}}