{"id":11280,"date":"2023-09-26T21:12:31","date_gmt":"2023-09-27T00:12:31","guid":{"rendered":"https:\/\/3.8.190.38.nip.io\/cl\/?page_id=11280"},"modified":"2025-11-25T12:35:45","modified_gmt":"2025-11-25T15:35:45","slug":"about","status":"publish","type":"page","link":"https:\/\/dool.agency\/cl\/about\/","title":{"rendered":"Nosotros"},"content":{"rendered":"<div class=\"et_pb_section_0 et_pb_section et_section_regular et_block_section\">\n<div class=\"et_pb_row_0 et_pb_row et_block_row\">\n<div class=\"et_pb_column_0 et_pb_column et_pb_column_4_4 et-last-child et_block_column et_pb_css_mix_blend_mode_passthrough\">\n<div class=\"et_pb_text_0 et_pb_text et_pb_bg_layout_dark et_animated et_pb_module et_flex_module\"><div class=\"et_pb_text_inner\"><h2>Ayudando a emprendedores, marcas y empresas a acelerar su crecimiento y ganar m\u00e1s clientes a trav\u00e9s del Marketing Digital.<\/h2>\n<\/div><\/div>\n<\/div>\n<\/div>\n<\/div>\n\n<div class=\"et_pb_section_1 et_pb_section et_section_regular et_block_section\">\n<div class=\"et_pb_row_1 et_pb_row et_block_row\">\n<div class=\"et_pb_column_1 et_pb_column et_pb_column_2_5 et_block_column et_pb_css_mix_blend_mode_passthrough\">\n<div class=\"et_pb_text_1 et_pb_text et_pb_bg_layout_light et_animated et_pb_module et_flex_module\"><div class=\"et_pb_text_inner\"><h1>Sobre Nosotros<\/h1>\n<\/div><\/div>\n<\/div>\n\n<div class=\"et_pb_column_2 et_pb_column et_pb_column_3_5 et-last-child et_block_column et_pb_css_mix_blend_mode_passthrough\">\n<div class=\"et_pb_text_2 et_pb_text et_pb_bg_layout_light et_animated et_pb_module et_flex_module\"><div class=\"et_pb_text_inner\"><p>Mezclamos la innovaci\u00f3n con la experiencia para crear soluciones digitales que resuenan. Desde nuestra creaci\u00f3n en 2019, hemos perseguido firmemente la excelencia, grabando nuestro nombre como una agencia creativa de confianza. En Dool, nos enorgullece ser m\u00e1s que un proveedor de servicios; somos tus socios en la creaci\u00f3n de una narrativa digital que es visualmente cautivadora y estrat\u00e9gicamente s\u00f3lida, guiando a su marca a alcanzar alturas sin precedentes. Aprovechando una sinfon\u00eda de creatividad ilimitada, dise\u00f1o centrado en el usuario y soporte de primera clase, transformamos visiones en realidades, nutriendo un paisaje donde la historia de tu marca se desarrolla con elegancia e impacto.<\/p>\n<\/div><\/div>\n<\/div>\n<\/div>\n<\/div>\n\n<div class=\"et_pb_section_2 et_pb_section et_section_regular et_block_section\">\n<div class=\"et_pb_row_2 et_pb_row et_block_row\">\n<div class=\"et_pb_column_3 et_pb_column et_pb_column_1_2 et_block_column et_pb_css_mix_blend_mode_passthrough\">\n<div class=\"et_pb_text_3 et_pb_text et_pb_bg_layout_light et_animated et_pb_module et_flex_module\"><div class=\"et_pb_text_inner\"><h2>Dynamic<\/h2>\n<p>&nbsp;<\/p>\n<h2>Online<\/h2>\n<p>&nbsp;<\/p>\n<h2>Operations<\/h2>\n<p>&nbsp;<\/p>\n<h2>Leadership<\/h2>\n<\/div><\/div>\n<\/div>\n\n<div class=\"et_pb_column_4 et_pb_column et_pb_column_1_2 et-last-child et_block_column et_pb_css_mix_blend_mode_passthrough\">\n<div class=\"et_pb_text_4 et_pb_text et_pb_bg_layout_light et_pb_module et_flex_module\"><div class=\"et_pb_text_inner\"><p>Nos adaptamos al cambio, aplicando neuromarketing y ciencia del comportamiento para anticipar tendencias, comprender el comportamiento de la audiencia y perfeccionar estrategias que mantengan tu marca a la vanguardia en un entorno digital en constante evoluci\u00f3n.<\/p>\n<\/div><\/div>\n\n<div class=\"et_pb_text_5 et_pb_text et_pb_bg_layout_light et_pb_module et_flex_module\"><div class=\"et_pb_text_inner\"><p>El mundo digital es nuestro terreno. Con el poder de la IA predictiva, segmentaci\u00f3n avanzada de audiencias y an\u00e1lisis profundo del comportamiento del usuario, nos aseguramos de que tu marca llegue a las personas adecuadas, en el momento preciso y con el mensaje correcto.<\/p>\n<\/div><\/div>\n\n<div class=\"et_pb_text_6 et_pb_text et_pb_bg_layout_light et_pb_module et_flex_module\"><div class=\"et_pb_text_inner\"><p>El \u00e9xito est\u00e1 en la ejecuci\u00f3n. A trav\u00e9s de investigaci\u00f3n profunda, insights estrat\u00e9gicos y pruebas A\/B continuas, optimizamos cada campa\u00f1a y experiencia digital, garantizando decisiones basadas en datos que generan resultados medibles.<\/p>\n<\/div><\/div>\n\n<div class=\"et_pb_text_7 et_pb_text et_pb_bg_layout_light et_pb_module et_flex_module\"><div class=\"et_pb_text_inner\"><p>Somos m\u00e1s que marketing: ofrecemos visi\u00f3n estrat\u00e9gica e innovaci\u00f3n. Aplicando psicolog\u00eda del consumidor y neuromarketing, dise\u00f1amos estrategias que no solo captan la atenci\u00f3n, sino que generan un compromiso real y convierten, posicionando tu marca como un referente en su sector.<\/p>\n<\/div><\/div>\n<\/div>\n<\/div>\n<\/div>\n\n<div class=\"et_pb_section_3 et_pb_section et_section_regular et_block_section\">\n<div class=\"et_pb_row_3 et_pb_row et_block_row\">\n<div class=\"et_pb_column_5 et_pb_column et_pb_column_4_4 et-last-child et_block_column et_pb_css_mix_blend_mode_passthrough\">\n<div class=\"et_pb_text_8 et_pb_text et_pb_bg_layout_light et_pb_module et_flex_module\"><div class=\"et_pb_text_inner\"><h1>Cada detalle importa.<\/h1>\n<\/div><\/div>\n<\/div>\n<\/div>\n<\/div>\n\n<div class=\"et_pb_section_4 et_pb_section et_section_regular et_block_section\">\n<div class=\"et_pb_row_4 et_pb_row et_pb_row_1-2_1-4_1-4 et_block_row et_block_row_1-2_1-4_1-4\">\n<div class=\"et_pb_column_6 et_pb_column et_pb_column_1_2 et_block_column et_pb_css_mix_blend_mode_passthrough\">\n<div class=\"et_pb_text_9 et_pb_text et_pb_bg_layout_light et_animated et_pb_module et_flex_module\"><div class=\"et_pb_text_inner\"><h1>Qu\u00e9 hacemos<\/h1>\n<\/div><\/div>\n<\/div>\n\n<div class=\"et_pb_column_7 et_pb_column et_pb_column_1_4 et_block_column et_pb_css_mix_blend_mode_passthrough\">\n<div class=\"et_pb_text_10 et_pb_text et_pb_bg_layout_light et_animated et_pb_module et_flex_module\"><div class=\"et_pb_text_inner\"><p>Estrategia y Identidad de Marca<\/p>\n<p>Dise\u00f1o de Experiencia del Usuario (UX)<\/p>\n<p>Dise\u00f1o de Interfaz de Usuario (UI)<\/p>\n<p>Estrategia de Contenido y Redacci\u00f3n<\/p>\n<p>Campa\u00f1as de SEO y SEM<\/p>\n<p>Estrategia de Redes Sociales<\/p>\n<p>Gesti\u00f3n de Redes Sociales<\/p>\n<p>Soluciones de Comercio Electr\u00f3nico (E-Commerce)<\/p>\n<p>Desarrollo de Aplicaciones M\u00f3viles<\/p>\n<\/div><\/div>\n<\/div>\n\n<div class=\"et_pb_column_8 et_pb_column et_pb_column_1_4 et-last-child et_block_column et_pb_css_mix_blend_mode_passthrough\">\n<div class=\"et_pb_text_11 et_pb_text et_pb_bg_layout_light et_animated et_pb_module et_flex_module\"><div class=\"et_pb_text_inner\"><p>Desarrollo y Dise\u00f1o Web<\/p>\n<p>Producci\u00f3n y Edici\u00f3n de Videos<\/p>\n<p>Anal\u00edtica e Informaci\u00f3n de Datos<\/p>\n<p>Campa\u00f1as de Marketing por Correo Electr\u00f3nico<\/p>\n<p>Publicidad de Pago por Clic (PPC)<\/p>\n<p>Soluciones de Inteligencia Artificial (AI)<\/p>\n<p>Gesti\u00f3n de Crisis<\/p>\n<p>Asociaci\u00f3n de Etiqueta Blanca<\/p>\n<p>Socio de Crecimiento<\/p>\n<\/div><\/div>\n<\/div>\n<\/div>\n<\/div>\n\n<div class=\"et_pb_section_5 et_pb_section et_section_regular et_block_section\">\n<div class=\"et_pb_row_5 et_pb_row et_block_row\">\n<div class=\"et_pb_column_9 et_pb_column et_pb_column_4_4 et-last-child et_block_column et_pb_css_mix_blend_mode_passthrough\">\n<div class=\"et_pb_text_12 et_pb_text et_pb_bg_layout_light et_animated et_pb_module et_flex_module\"><div class=\"et_pb_text_inner\"><h1>Con\u00f3ce nuestro equipo<\/h1>\n<\/div><\/div>\n<\/div>\n<\/div>\n\n<div class=\"et_pb_row_6 et_pb_row et_pb_row_6col et_block_row et_block_row_6col et_animated\">\n<div class=\"et_pb_column_10 et_pb_column et_pb_column_1_6 et_block_column et_pb_css_mix_blend_mode_passthrough\">\n<div class=\"et_pb_team_member_0 et_pb_team_member et_pb_bg_layout_light et_pb_text_align_center et_pb_module et_flex_module\"><div class=\"et_pb_team_member_image et-waypoint et_pb_animation_off\"><img loading=\"lazy\" decoding=\"async\" src=\"https:\/\/dool.agency\/cl\/wp-content\/uploads\/sites\/3\/2023\/09\/img_1-300x300.png\" alt=\"Alex Ponce\" width=\"300\" height=\"300\" srcset=\"https:\/\/dool.agency\/cl\/wp-content\/uploads\/sites\/3\/2023\/09\/img_1-300x300.png 300w\" class=\"wp-image-60\" \/><\/div><div class=\"et_pb_team_member_description\"><h4 class=\"et_pb_module_header\">Alex Ponce<\/h4><p class=\"et_pb_member_position\">Co-Founder & Executive Creative Director<\/p><\/div><\/div>\n<\/div>\n\n<div class=\"et_pb_column_11 et_pb_column et_pb_column_1_6 et_block_column et_pb_css_mix_blend_mode_passthrough\">\n<div class=\"et_pb_team_member_1 et_pb_team_member et_pb_bg_layout_light et_pb_text_align_center et_pb_module et_flex_module\"><div class=\"et_pb_team_member_image et-waypoint et_pb_animation_off\"><img loading=\"lazy\" decoding=\"async\" src=\"https:\/\/dool.agency\/cl\/wp-content\/uploads\/sites\/3\/2023\/09\/img_4-300x300.png\" alt=\"Shahzad Gupta\" width=\"300\" height=\"300\" srcset=\"https:\/\/dool.agency\/cl\/wp-content\/uploads\/sites\/3\/2023\/09\/img_4-300x300.png 300w\" class=\"wp-image-61\" \/><\/div><div class=\"et_pb_team_member_description\"><h4 class=\"et_pb_module_header\">Shahzad Gupta<\/h4><p class=\"et_pb_member_position\">Chief Development Officer<\/p><\/div><\/div>\n<\/div>\n\n<div class=\"et_pb_column_12 et_pb_column et_pb_column_1_6 et_block_column et_pb_css_mix_blend_mode_passthrough\">\n<div class=\"et_pb_team_member_2 et_pb_team_member et_pb_bg_layout_light et_pb_text_align_center et_pb_module et_flex_module\"><div class=\"et_pb_team_member_image et-waypoint et_pb_animation_off\"><img loading=\"lazy\" decoding=\"async\" src=\"https:\/\/dool.agency\/cl\/wp-content\/uploads\/sites\/3\/2023\/09\/img_2-300x300.png\" alt=\"Alex Ponce Aguirre\" width=\"300\" height=\"300\" srcset=\"https:\/\/dool.agency\/cl\/wp-content\/uploads\/sites\/3\/2023\/09\/img_2-300x300.png 300w, https:\/\/dool.agency\/cl\/wp-content\/uploads\/sites\/3\/2023\/09\/img_2-150x150.png 150w, https:\/\/dool.agency\/cl\/wp-content\/uploads\/sites\/3\/2023\/09\/img_2.png 338w\" sizes=\"(max-width: 300px) 100vw, 300px\" class=\"wp-image-62\" \/><\/div><div class=\"et_pb_team_member_description\"><h4 class=\"et_pb_module_header\">Alex Ponce Aguirre<\/h4><p class=\"et_pb_member_position\">Chief Copywriting Officer<\/p><\/div><\/div>\n<\/div>\n\n<div class=\"et_pb_column_13 et_pb_column et_pb_column_1_6 et_block_column et_pb_css_mix_blend_mode_passthrough\">\n<div class=\"et_pb_team_member_3 et_pb_team_member et_pb_bg_layout_light et_pb_text_align_center et_pb_module et_flex_module\"><div class=\"et_pb_team_member_image et-waypoint et_pb_animation_off\"><img loading=\"lazy\" decoding=\"async\" src=\"https:\/\/dool.agency\/cl\/wp-content\/uploads\/sites\/3\/2023\/09\/img_8-300x300.png\" alt=\"Arjun Patel\" width=\"300\" height=\"300\" srcset=\"https:\/\/dool.agency\/cl\/wp-content\/uploads\/sites\/3\/2023\/09\/img_8-300x300.png 300w, https:\/\/dool.agency\/cl\/wp-content\/uploads\/sites\/3\/2023\/09\/img_8-150x150.png 150w, https:\/\/dool.agency\/cl\/wp-content\/uploads\/sites\/3\/2023\/09\/img_8.png 467w\" sizes=\"(max-width: 300px) 100vw, 300px\" class=\"wp-image-63\" \/><\/div><div class=\"et_pb_team_member_description\"><h4 class=\"et_pb_module_header\">Arjun Patel<\/h4><p class=\"et_pb_member_position\">SEO & SEM Marketing Manager<\/p><\/div><\/div>\n<\/div>\n\n<div class=\"et_pb_column_14 et_pb_column et_pb_column_1_6 et_block_column et_pb_css_mix_blend_mode_passthrough\">\n<div class=\"et_pb_team_member_4 et_pb_team_member et_pb_bg_layout_light et_pb_text_align_center et_pb_module et_flex_module\"><div class=\"et_pb_team_member_image et-waypoint et_pb_animation_off\"><img loading=\"lazy\" decoding=\"async\" src=\"https:\/\/dool.agency\/cl\/wp-content\/uploads\/sites\/3\/2023\/09\/img_3-300x300.png\" alt=\"Roberto Maturana\" width=\"300\" height=\"300\" srcset=\"https:\/\/dool.agency\/cl\/wp-content\/uploads\/sites\/3\/2023\/09\/img_3-300x300.png 300w\" class=\"wp-image-64\" \/><\/div><div class=\"et_pb_team_member_description\"><h4 class=\"et_pb_module_header\">Roberto Maturana<\/h4><p class=\"et_pb_member_position\">LATAM Business Officer<\/p><\/div><\/div>\n<\/div>\n\n<div class=\"et_pb_column_15 et_pb_column et_pb_column_1_6 et-last-child et_block_column et_pb_css_mix_blend_mode_passthrough\">\n<div class=\"et_pb_team_member_5 et_pb_team_member et_pb_bg_layout_light et_pb_text_align_center et_pb_module et_flex_module\"><div class=\"et_pb_team_member_image et-waypoint et_pb_animation_off\"><img loading=\"lazy\" decoding=\"async\" src=\"https:\/\/dool.agency\/cl\/wp-content\/uploads\/sites\/3\/2023\/09\/img_9.png\" alt=\"Harold Aquino\" width=\"189\" height=\"189\" srcset=\"https:\/\/dool.agency\/cl\/wp-content\/uploads\/sites\/3\/2023\/09\/img_9.png 189w, https:\/\/dool.agency\/cl\/wp-content\/uploads\/sites\/3\/2023\/09\/img_9-150x150.png 150w\" sizes=\"(max-width: 189px) 100vw, 189px\" class=\"wp-image-65\" \/><\/div><div class=\"et_pb_team_member_description\"><h4 class=\"et_pb_module_header\">Harold Aquino<\/h4><p class=\"et_pb_member_position\">LATAM Marketing & Account Manager<\/p><\/div><\/div>\n<\/div>\n<\/div>\n<\/div>","protected":false},"excerpt":{"rendered":"","protected":false},"author":1,"featured_media":11463,"parent":0,"menu_order":0,"comment_status":"closed","ping_status":"closed","template":"","meta":{"_acf_changed":false,"footnotes":""},"class_list":["post-11280","page","type-page","status-publish","has-post-thumbnail","hentry"],"acf":[],"_links":{"self":[{"href":"https:\/\/dool.agency\/cl\/wp-json\/wp\/v2\/pages\/11280","targetHints":{"allow":["GET"]}}],"collection":[{"href":"https:\/\/dool.agency\/cl\/wp-json\/wp\/v2\/pages"}],"about":[{"href":"https:\/\/dool.agency\/cl\/wp-json\/wp\/v2\/types\/page"}],"author":[{"embeddable":true,"href":"https:\/\/dool.agency\/cl\/wp-json\/wp\/v2\/users\/1"}],"replies":[{"embeddable":true,"href":"https:\/\/dool.agency\/cl\/wp-json\/wp\/v2\/comments?post=11280"}],"version-history":[{"count":1,"href":"https:\/\/dool.agency\/cl\/wp-json\/wp\/v2\/pages\/11280\/revisions"}],"predecessor-version":[{"id":13222,"href":"https:\/\/dool.agency\/cl\/wp-json\/wp\/v2\/pages\/11280\/revisions\/13222"}],"wp:featuredmedia":[{"embeddable":true,"href":"https:\/\/dool.agency\/cl\/wp-json\/wp\/v2\/media\/11463"}],"wp:attachment":[{"href":"https:\/\/dool.agency\/cl\/wp-json\/wp\/v2\/media?parent=11280"}],"curies":[{"name":"wp","href":"https:\/\/api.w.org\/{rel}","templated":true}]}}